{"id":304,"date":"2021-08-22T17:05:21","date_gmt":"2021-08-22T17:05:21","guid":{"rendered":"https:\/\/wargate.devbuddy.ca\/armure-de-hockey-pour-la-performance-et-la-protection\/"},"modified":"2022-11-15T15:43:47","modified_gmt":"2022-11-15T15:43:47","slug":"armure-de-hockey-pour-la-performance-et-la-protection","status":"publish","type":"page","link":"https:\/\/wargatehockey.com\/fr\/armure-de-hockey-pour-la-performance-et-la-protection\/","title":{"rendered":"Armure de hockey pour la performance et la protection"},"content":{"rendered":"<p>[et_pb_section fb_built=\u00a0\u00bb1&Prime; fullwidth=\u00a0\u00bbon\u00a0\u00bb _builder_version=\u00a0\u00bb4.9.10&Prime; _module_preset=\u00a0\u00bbdefault\u00a0\u00bb bottom_divider_style=\u00a0\u00bbasymmetric4&Prime; bottom_divider_color=\u00a0\u00bb#FFFFFF\u00a0\u00bb][et_pb_fullwidth_header title=\u00a0\u00bb\u00c0 PROPOS DE WARGATE\u00a0\u00bb text_orientation=\u00a0\u00bbcenter\u00a0\u00bb _builder_version=\u00a0\u00bb4.9.10&Prime; _module_preset=\u00a0\u00bbdefault\u00a0\u00bb title_font_size=\u00a0\u00bb88px\u00a0\u00bb content_font_size=\u00a0\u00bb31px\u00a0\u00bb content_line_height=\u00a0\u00bb1.4em\u00a0\u00bb use_background_color_gradient=\u00a0\u00bbon\u00a0\u00bb background_color_gradient_start=\u00a0\u00bbrgba(0,0,0,0.84)\u00a0\u00bb background_color_gradient_end=\u00a0\u00bb#5e5e5e\u00a0\u00bb background_image=\u00a0\u00bbhttps:\/\/wargate.devbuddy.ca\/wp-content\/uploads\/2021\/07\/Wargate-Performance-Hockey-Face-Protection-Armor-Shield-Shop-Online-Goalie.jpg\u00a0\u00bb background_position=\u00a0\u00bbbottom_center\u00a0\u00bb background_blend=\u00a0\u00bboverlay\u00a0\u00bb custom_button_one=\u00a0\u00bbon\u00a0\u00bb button_one_border_width=\u00a0\u00bb1px\u00a0\u00bb button_one_border_radius=\u00a0\u00bb0px\u00a0\u00bb button_one_font=\u00a0\u00bb|600|||||||\u00a0\u00bb]<\/p>\n<p>Nous sommes sp\u00e9cialis\u00e9s dans la cr\u00e9ation d&rsquo;\u00e9quipements de performance et de s\u00e9curit\u00e9 pour vous donner un AVANTAGE IN\u00c9GAL !<\/p>\n<p>[\/et_pb_fullwidth_header][\/et_pb_section][et_pb_section fb_built=\u00a0\u00bb1&Prime; _builder_version=\u00a0\u00bb4.9.10&Prime; _module_preset=\u00a0\u00bbdefault\u00a0\u00bb width=\u00a0\u00bb90%\u00a0\u00bb max_width=\u00a0\u00bb100%\u00a0\u00bb module_alignment=\u00a0\u00bbcenter\u00a0\u00bb][et_pb_row column_structure=\u00a0\u00bb1_4,1_4,1_4,1_4&Prime; _builder_version=\u00a0\u00bb4.9.10&Prime; _module_preset=\u00a0\u00bbdefault\u00a0\u00bb width=\u00a0\u00bb100%\u00a0\u00bb max_width=\u00a0\u00bb100%\u00a0\u00bb animation_style=\u00a0\u00bbbounce\u00a0\u00bb][et_pb_column type=\u00a0\u00bb1_4&Prime; _builder_version=\u00a0\u00bb4.9.10&Prime; _module_preset=\u00a0\u00bbdefault\u00a0\u00bb][et_pb_blurb title=\u00a0\u00bbInnovant\u00a0\u00bb use_icon=\u00a0\u00bbon\u00a0\u00bb font_icon=\u00a0\u00bb%%45%%\u00a0\u00bb icon_color=\u00a0\u00bb#e02b20&Prime; icon_placement=\u00a0\u00bbleft\u00a0\u00bb _builder_version=\u00a0\u00bb4.9.10&Prime; _module_preset=\u00a0\u00bbdefault\u00a0\u00bb header_font_size=\u00a0\u00bb25px\u00a0\u00bb body_font_size=\u00a0\u00bb17px\u00a0\u00bb]<\/p>\n<p>Nous proposons d&rsquo;innover avec les meilleurs \u00e9quipements de s\u00e9curit\u00e9 du march\u00e9.<\/p>\n<p>[\/et_pb_blurb][\/et_pb_column][et_pb_column type=\u00a0\u00bb1_4&Prime; _builder_version=\u00a0\u00bb4.9.10&Prime; _module_preset=\u00a0\u00bbdefault\u00a0\u00bb][et_pb_blurb title=\u00a0\u00bbBien test\u00e9\u00a0\u00bb use_icon=\u00a0\u00bbon\u00a0\u00bb font_icon=\u00a0\u00bb%%45%%\u00a0\u00bb icon_color=\u00a0\u00bb#e02b20&Prime; icon_placement=\u00a0\u00bbleft\u00a0\u00bb _builder_version=\u00a0\u00bb4.9.10&Prime; _module_preset=\u00a0\u00bbdefault\u00a0\u00bb header_font_size=\u00a0\u00bb25px\u00a0\u00bb body_font_size=\u00a0\u00bb17px\u00a0\u00bb]<\/p>\n<p>Nous cherchons toujours \u00e0 optimiser les performances sportives de nos athl\u00e8tes.<\/p>\n<p>[\/et_pb_blurb][\/et_pb_column][et_pb_column type=\u00a0\u00bb1_4&Prime; _builder_version=\u00a0\u00bb4.9.10&Prime; _module_preset=\u00a0\u00bbdefault\u00a0\u00bb][et_pb_blurb title=\u00a0\u00bbHaute qualit\u00e9\u00a0\u00bb use_icon=\u00a0\u00bbon\u00a0\u00bb font_icon=\u00a0\u00bb%%45%%\u00a0\u00bb icon_color=\u00a0\u00bb#e02b20&Prime; icon_placement=\u00a0\u00bbleft\u00a0\u00bb _builder_version=\u00a0\u00bb4.9.10&Prime; _module_preset=\u00a0\u00bbdefault\u00a0\u00bb header_font_size=\u00a0\u00bb25px\u00a0\u00bb body_font_size=\u00a0\u00bb17px\u00a0\u00bb]<\/p>\n<p>Nos produits sont fabriqu\u00e9s \u00e0 partir des meilleurs mat\u00e9riaux possibles pour assurer leur durabilit\u00e9.<\/p>\n<p>[\/et_pb_blurb][\/et_pb_column][et_pb_column type=\u00a0\u00bb1_4&Prime; _builder_version=\u00a0\u00bb4.9.10&Prime; _module_preset=\u00a0\u00bbdefault\u00a0\u00bb][et_pb_blurb title=\u00a0\u00bbCollaboration\u00a0\u00bb use_icon=\u00a0\u00bbon\u00a0\u00bb font_icon=\u00a0\u00bb%%45%%\u00a0\u00bb icon_color=\u00a0\u00bb#e02b20&Prime; icon_placement=\u00a0\u00bbleft\u00a0\u00bb _builder_version=\u00a0\u00bb4.9.10&Prime; _module_preset=\u00a0\u00bbdefault\u00a0\u00bb header_font_size=\u00a0\u00bb25px\u00a0\u00bb body_font_size=\u00a0\u00bb17px\u00a0\u00bb]<\/p>\n<p>Notre \u00e9quipe cr\u00e9e des partenariats strat\u00e9giques en mati\u00e8re de marques et de propri\u00e9t\u00e9 intellectuelle afin d&rsquo;en faire b\u00e9n\u00e9ficier nos futures versions.<\/p>\n<p>[\/et_pb_blurb][\/et_pb_column][\/et_pb_row][\/et_pb_section][et_pb_section fb_built=\u00a0\u00bb1&Prime; _builder_version=\u00a0\u00bb4.9.10&Prime; _module_preset=\u00a0\u00bbdefault\u00a0\u00bb custom_margin=\u00a0\u00bb||||false|false\u00a0\u00bb custom_padding=\u00a0\u00bb0vh||20vh||false|false\u00a0\u00bb bottom_divider_style=\u00a0\u00bbasymmetric4&Prime; bottom_divider_color=\u00a0\u00bb#000000&Prime; bottom_divider_flip=\u00a0\u00bbvertical|horizontal\u00a0\u00bb][et_pb_row _builder_version=\u00a0\u00bb4.9.10&Prime; _module_preset=\u00a0\u00bbdefault\u00a0\u00bb custom_padding=\u00a0\u00bb0px|||||\u00a0\u00bb][et_pb_column type=\u00a0\u00bb4_4&Prime; _builder_version=\u00a0\u00bb4.9.10&Prime; _module_preset=\u00a0\u00bbdefault\u00a0\u00bb][et_pb_text _builder_version=\u00a0\u00bb4.9.10&Prime; _module_preset=\u00a0\u00bbdefault\u00a0\u00bb text_text_color=\u00a0\u00bb#0a0a0a\u00a0\u00bb text_font_size=\u00a0\u00bb25px\u00a0\u00bb text_line_height=\u00a0\u00bb1.4em\u00a0\u00bb text_orientation=\u00a0\u00bbjustified\u00a0\u00bb max_width=\u00a0\u00bb800px\u00a0\u00bb module_alignment=\u00a0\u00bbcenter\u00a0\u00bb custom_padding=\u00a0\u00bb||6px|||\u00a0\u00bb]<\/p>\n<p>Nous avons d\u00e9velopp\u00e9 une grille de protection compl\u00e9mentaire unique et innovante pour le casque de hockey afin de prot\u00e9ger la partie inf\u00e9rieure du visage. Le concept est simple : une grille compos\u00e9e de fils m\u00e9talliques con\u00e7ue pour descendre de chaque c\u00f4t\u00e9 du casque jusqu&rsquo;au bas du visage en forme de demi-cage ovale pour prot\u00e9ger le menton, les dents et la m\u00e2choire, mais aussi pour emp\u00eacher les \u00e9ventuels b\u00e2tons de se glisser sous la visi\u00e8re et dans l&rsquo;\u0153il.<\/p>\n<p>[\/et_pb_text][et_pb_image src=\u00a0\u00bbhttps:\/\/wargatehockey.com\/wp-content\/uploads\/2021\/09\/DSC04662-scaled.jpg\u00a0\u00bb title_text=\u00a0\u00bbDSC04662&Prime; _builder_version=\u00a0\u00bb4.9.10&Prime; _module_preset=\u00a0\u00bbdefault\u00a0\u00bb max_width=\u00a0\u00bb800px\u00a0\u00bb module_alignment=\u00a0\u00bbcenter\u00a0\u00bb][\/et_pb_image][et_pb_text _builder_version=\u00a0\u00bb4.9.10&Prime; _module_preset=\u00a0\u00bbdefault\u00a0\u00bb text_text_color=\u00a0\u00bb#0a0a0a\u00a0\u00bb text_font_size=\u00a0\u00bb25px\u00a0\u00bb text_line_height=\u00a0\u00bb1.4em\u00a0\u00bb text_orientation=\u00a0\u00bbjustified\u00a0\u00bb max_width=\u00a0\u00bb800px\u00a0\u00bb module_alignment=\u00a0\u00bbcenter\u00a0\u00bb custom_padding=\u00a0\u00bb||6px|||\u00a0\u00bb]<\/p>\n<p>La grille de protection inf\u00e9rieure Wargate permet aux joueurs de jouer avec la meilleure visibilit\u00e9 possible tout en offrant plus de protection pour le visage. Non seulement notre produit est l\u00e9ger et confortable, mais il offre une protection int\u00e9grale du visage lorsqu&rsquo;il est ajout\u00e9 \u00e0 la demi-visi\u00e8re. La grille de protection Wargate se fixe directement sur le casque de chaque c\u00f4t\u00e9 de la tempe \u00e0 l&rsquo;aide des m\u00eames vis que la visi\u00e8re. Ainsi, tout impact est absorb\u00e9 via le casque et non la m\u00e2choire.<\/p>\n<p>[\/et_pb_text][et_pb_image src=\u00a0\u00bbhttps:\/\/wargatehockey.com\/wp-content\/uploads\/2021\/07\/Wargate-Performance-Hockey-Face-Protection-Armor-Shield-Shop-Online-Ultimate.jpg\u00a0\u00bb title_text=\u00a0\u00bbWargate Performance Hockey Face Protection Armor Shield &#8211; Magasin en ligne &#8211; Rink\u00a0\u00bb _builder_version=\u00a0\u00bb4.9.10&Prime; _module_preset=\u00a0\u00bbdefault\u00a0\u00bb max_width=\u00a0\u00bb800px\u00a0\u00bb module_alignment=\u00a0\u00bbcenter\u00a0\u00bb][\/et_pb_image][et_pb_text _builder_version=\u00a0\u00bb4.9.10&Prime; _module_preset=\u00a0\u00bbdefault\u00a0\u00bb text_text_color=\u00a0\u00bb#0a0a0a\u00a0\u00bb text_font_size=\u00a0\u00bb25px\u00a0\u00bb text_line_height=\u00a0\u00bb1.4em\u00a0\u00bb text_orientation=\u00a0\u00bbjustified\u00a0\u00bb max_width=\u00a0\u00bb800px\u00a0\u00bb module_alignment=\u00a0\u00bbcenter\u00a0\u00bb custom_padding=\u00a0\u00bb||6px|||\u00a0\u00bb]<\/p>\n<p>Notre objectif est de pr\u00e9venir les blessures aux yeux, \u00e0 la m\u00e2choire, aux dents et au nez pour les joueurs de hockey de plus de 18 ans qui souhaitent porter la demi-visi\u00e8re. Le co\u00fbt des blessures au visage chaque ann\u00e9e, seulement dans la LNH, s&rsquo;\u00e9l\u00e8ve \u00e0 plus de 80 millions de dollars. Et pourtant, la plupart des ligues de hockey connues exigent que les joueurs portent seulement une demi-visi\u00e8re&#8230; La LNH a rendu les casques obligatoires en 1979 et n&rsquo;a rendu les visi\u00e8res obligatoires que r\u00e9cemment en 2013. Au fur et \u00e0 mesure que le rythme du jeu augmente et que les incidents s\u2019additionnent, nous sommes convaincus qu&rsquo;un jour, la protection int\u00e9grale du visage sera obligatoire dans la grande majorit\u00e9 des ligues de hockey dans le monde.<\/p>\n<p>[\/et_pb_text][et_pb_image src=\u00a0\u00bbhttps:\/\/wargatehockey.com\/wp-content\/uploads\/2021\/07\/Wargate-Performance-Hockey-Face-Protection-Armor-Shield-Shop-Online-Advanced.jpg\u00a0\u00bb title_text=\u00a0\u00bbWargate Performance Hockey Face Protection Armor Shield &#8211; Magasin en ligne &#8211; Rink\u00a0\u00bb _builder_version=\u00a0\u00bb4.9.10&Prime; _module_preset=\u00a0\u00bbdefault\u00a0\u00bb max_width=\u00a0\u00bb800px\u00a0\u00bb module_alignment=\u00a0\u00bbcenter\u00a0\u00bb][\/et_pb_image][et_pb_text _builder_version=\u00a0\u00bb4.9.10&Prime; _module_preset=\u00a0\u00bbdefault\u00a0\u00bb text_text_color=\u00a0\u00bb#0a0a0a\u00a0\u00bb text_font_size=\u00a0\u00bb25px\u00a0\u00bb text_line_height=\u00a0\u00bb1.4em\u00a0\u00bb text_orientation=\u00a0\u00bbjustified\u00a0\u00bb max_width=\u00a0\u00bb800px\u00a0\u00bb module_alignment=\u00a0\u00bbcenter\u00a0\u00bb custom_padding=\u00a0\u00bb||6px|||\u00a0\u00bb]<\/p>\n<p>Nous sommes l&rsquo;entreprise qui a con\u00e7u LA meilleure protection faciale, avec laquelle nos athl\u00e8tes peuvent jouer sans crainte, cr\u00e9ant ainsi un AVANTAGE INJUSTE !<\/p>\n<p>[\/et_pb_text][\/et_pb_column][\/et_pb_row][et_pb_row column_structure=\u00a0\u00bb1_2,1_2&Prime; _builder_version=\u00a0\u00bb4.9.10&Prime; _module_preset=\u00a0\u00bbdefault\u00a0\u00bb max_width=\u00a0\u00bb520px\u00a0\u00bb][et_pb_column type=\u00a0\u00bb1_2&Prime; _builder_version=\u00a0\u00bb4.9.10&Prime; _module_preset=\u00a0\u00bbdefault\u00a0\u00bb][et_pb_button button_url=\u00a0\u00bbhttps:\/\/wargatehockey.com\/fr\/brevets-et-propriete-intellectuelle\/\u00a0\u00bb button_text=\u00a0\u00bbBrevets &amp; PI\u00a0\u00bb button_alignment=\u00a0\u00bbcenter\u00a0\u00bb _builder_version=\u00a0\u00bb4.9.10&Prime; _module_preset=\u00a0\u00bbdefault\u00a0\u00bb custom_button=\u00a0\u00bbon\u00a0\u00bb button_text_color=\u00a0\u00bb#FFFFFF\u00a0\u00bb button_bg_color=\u00a0\u00bb#000000&Prime; button_border_color=\u00a0\u00bb#000000&Prime; button_border_radius=\u00a0\u00bb30px\u00a0\u00bb][\/et_pb_button][\/et_pb_column][et_pb_column type=\u00a0\u00bb1_2&Prime; _builder_version=\u00a0\u00bb4.9.10&Prime; _module_preset=\u00a0\u00bbdefault\u00a0\u00bb][et_pb_button button_url=\u00a0\u00bbhttps:\/\/wargatehockey.com\/fr\/boutique\/\u00a0\u00bb button_text=\u00a0\u00bbMagasiner\u00a0\u00bb button_alignment=\u00a0\u00bbcenter\u00a0\u00bb _builder_version=\u00a0\u00bb4.9.10&Prime; _module_preset=\u00a0\u00bbdefault\u00a0\u00bb custom_button=\u00a0\u00bbon\u00a0\u00bb button_text_color=\u00a0\u00bb#FFFFFF\u00a0\u00bb button_bg_color=\u00a0\u00bb#000000&Prime; button_border_color=\u00a0\u00bb#000000&Prime; button_border_radius=\u00a0\u00bb30px\u00a0\u00bb][\/et_pb_button][\/et_pb_column][\/et_pb_row][\/et_pb_section][et_pb_section fb_built=\u00a0\u00bb1&Prime; fullwidth=\u00a0\u00bbon\u00a0\u00bb _builder_version=\u00a0\u00bb4.9.10&Prime; _module_preset=\u00a0\u00bbdefault\u00a0\u00bb][et_pb_fullwidth_header title=\u00a0\u00bbCommandez le v\u00f4tre d\u00e8s aujourd&#039;hui\u00a0\u00bb subhead=\u00a0\u00bbLes produits Wargate sont tous disponibles en ligne via Amazon. B\u00e9n\u00e9ficiez d&#039;une livraison Prime ultrarapide.\u00a0\u00bb text_orientation=\u00a0\u00bbcenter\u00a0\u00bb button_one_text=\u00a0\u00bbMagasinez\u00a0\u00bb content_max_width=\u00a0\u00bb500px\u00a0\u00bb _builder_version=\u00a0\u00bb4.9.10&Prime; _module_preset=\u00a0\u00bbdefault\u00a0\u00bb title_font_size=\u00a0\u00bb56px\u00a0\u00bb content_font_size=\u00a0\u00bb18px\u00a0\u00bb subhead_font_size=\u00a0\u00bb19px\u00a0\u00bb background_color=\u00a0\u00bb#000000&Prime; custom_button_one=\u00a0\u00bbon\u00a0\u00bb button_one_border_width=\u00a0\u00bb3px\u00a0\u00bb button_one_border_radius=\u00a0\u00bb30px\u00a0\u00bb width=\u00a0\u00bb100%\u00a0\u00bb max_width=\u00a0\u00bb100%\u00a0\u00bb custom_padding=\u00a0\u00bb||0px||false|false\u00a0\u00bb link_option_url=\u00a0\u00bb\/shop\u00a0\u00bb custom_css_button_1=\u00a0\u00bbdisplay: none;\u00a0\u00bb][\/et_pb_fullwidth_header][\/et_pb_section][et_pb_section fb_built=\u00a0\u00bb1&Prime; _builder_version=\u00a0\u00bb4.9.10&Prime; _module_preset=\u00a0\u00bbdefault\u00a0\u00bb background_color=\u00a0\u00bb#000000&Prime; custom_margin=\u00a0\u00bb0px||||false|false\u00a0\u00bb custom_padding=\u00a0\u00bb0px||0vh||false|false\u00a0\u00bb][et_pb_row _builder_version=\u00a0\u00bb4.9.10&Prime; _module_preset=\u00a0\u00bbdefault\u00a0\u00bb custom_padding=\u00a0\u00bb0px||66px||false|false\u00a0\u00bb][et_pb_column type=\u00a0\u00bb4_4&Prime; _builder_version=\u00a0\u00bb4.9.10&Prime; _module_preset=\u00a0\u00bbdefault\u00a0\u00bb][et_pb_image src=\u00a0\u00bbhttps:\/\/wargatehockey.com\/wp-content\/uploads\/2021\/08\/8.png\u00a0\u00bb title_text=\u00a0\u00bb8&Prime; url=\u00a0\u00bbhttps:\/\/wargatehockey.com\/fr\/boutique\/\u00a0\u00bb align=\u00a0\u00bbcenter\u00a0\u00bb _builder_version=\u00a0\u00bb4.9.10&Prime; _module_preset=\u00a0\u00bbdefault\u00a0\u00bb max_width=\u00a0\u00bb300px\u00a0\u00bb border_radii=\u00a0\u00bbon|30px|30px|30px|30px\u00a0\u00bb][\/et_pb_image][\/et_pb_column][\/et_pb_row][\/et_pb_section]<\/p>\n","protected":false},"excerpt":{"rendered":"<p>Nous sommes sp\u00e9cialis\u00e9s dans la cr\u00e9ation d&rsquo;\u00e9quipements de performance et de s\u00e9curit\u00e9 pour vous donner un AVANTAGE IN\u00c9GAL !Nous proposons d&rsquo;innover avec les meilleurs \u00e9quipements de s\u00e9curit\u00e9 du march\u00e9.Nous cherchons toujours \u00e0 optimiser les performances sportives de nos athl\u00e8tes.Nos produits sont fabriqu\u00e9s \u00e0 partir des meilleurs mat\u00e9riaux possibles pour assurer leur durabilit\u00e9.Notre \u00e9quipe cr\u00e9e des [&hellip;]<\/p>\n","protected":false},"author":2,"featured_media":0,"parent":0,"menu_order":0,"comment_status":"closed","ping_status":"closed","template":"","meta":{"_et_pb_use_builder":"on","_et_pb_old_content":"","_et_gb_content_width":"","footnotes":""},"class_list":["post-304","page","type-page","status-publish","hentry"],"yoast_head":"<!-- This site is optimized with the Yoast SEO plugin v27.4 - https:\/\/yoast.com\/product\/yoast-seo-wordpress\/ -->\n<title>Armure de hockey pour la performance et la protection - Wargate Hockey<\/title>\n<meta name=\"robots\" content=\"index, follow, max-snippet:-1, max-image-preview:large, max-video-preview:-1\" \/>\n<link rel=\"canonical\" href=\"https:\/\/wargatehockey.com\/hockey-armor-performance-protection\/\" \/>\n<meta property=\"og:locale\" content=\"fr_FR\" \/>\n<meta property=\"og:type\" content=\"article\" \/>\n<meta property=\"og:title\" content=\"Armure de hockey pour la performance et la protection - Wargate Hockey\" \/>\n<meta property=\"og:description\" content=\"Nous sommes sp\u00e9cialis\u00e9s dans la cr\u00e9ation d&#039;\u00e9quipements de performance et de s\u00e9curit\u00e9 pour vous donner un AVANTAGE IN\u00c9GAL !Nous proposons d&#039;innover avec les meilleurs \u00e9quipements de s\u00e9curit\u00e9 du march\u00e9.Nous cherchons toujours \u00e0 optimiser les performances sportives de nos athl\u00e8tes.Nos produits sont fabriqu\u00e9s \u00e0 partir des meilleurs mat\u00e9riaux possibles pour assurer leur durabilit\u00e9.Notre \u00e9quipe cr\u00e9e des [&hellip;]\" \/>\n<meta property=\"og:url\" content=\"https:\/\/wargatehockey.com\/hockey-armor-performance-protection\/\" \/>\n<meta property=\"og:site_name\" content=\"Wargate Hockey\" \/>\n<meta property=\"article:modified_time\" content=\"2022-11-15T15:43:47+00:00\" \/>\n<meta name=\"twitter:card\" content=\"summary_large_image\" \/>\n<meta name=\"twitter:label1\" content=\"Dur\u00e9e de lecture estim\u00e9e\" \/>\n\t<meta name=\"twitter:data1\" content=\"7 minutes\" \/>\n<script type=\"application\/ld+json\" class=\"yoast-schema-graph\">{\"@context\":\"https:\\\/\\\/schema.org\",\"@graph\":[{\"@type\":\"WebPage\",\"@id\":\"https:\\\/\\\/wargatehockey.com\\\/hockey-armor-performance-protection\\\/\",\"url\":\"https:\\\/\\\/wargatehockey.com\\\/hockey-armor-performance-protection\\\/\",\"name\":\"Armure de hockey pour la performance et la protection - Wargate Hockey\",\"isPartOf\":{\"@id\":\"https:\\\/\\\/wargatehockey.com\\\/#website\"},\"datePublished\":\"2021-08-22T17:05:21+00:00\",\"dateModified\":\"2022-11-15T15:43:47+00:00\",\"breadcrumb\":{\"@id\":\"https:\\\/\\\/wargatehockey.com\\\/hockey-armor-performance-protection\\\/#breadcrumb\"},\"inLanguage\":\"fr-FR\",\"potentialAction\":[{\"@type\":\"ReadAction\",\"target\":[\"https:\\\/\\\/wargatehockey.com\\\/hockey-armor-performance-protection\\\/\"]}]},{\"@type\":\"BreadcrumbList\",\"@id\":\"https:\\\/\\\/wargatehockey.com\\\/hockey-armor-performance-protection\\\/#breadcrumb\",\"itemListElement\":[{\"@type\":\"ListItem\",\"position\":1,\"name\":\"Home\",\"item\":\"https:\\\/\\\/wargatehockey.com\\\/\"},{\"@type\":\"ListItem\",\"position\":2,\"name\":\"Armure de hockey pour la performance et la protection\"}]},{\"@type\":\"WebSite\",\"@id\":\"https:\\\/\\\/wargatehockey.com\\\/#website\",\"url\":\"https:\\\/\\\/wargatehockey.com\\\/\",\"name\":\"Wargate Hockey\",\"description\":\"Hockey Face Protection \\\/ Masks &amp; Shields\",\"potentialAction\":[{\"@type\":\"SearchAction\",\"target\":{\"@type\":\"EntryPoint\",\"urlTemplate\":\"https:\\\/\\\/wargatehockey.com\\\/?s={search_term_string}\"},\"query-input\":{\"@type\":\"PropertyValueSpecification\",\"valueRequired\":true,\"valueName\":\"search_term_string\"}}],\"inLanguage\":\"fr-FR\"}]}<\/script>\n<!-- \/ Yoast SEO plugin. -->","yoast_head_json":{"title":"Armure de hockey pour la performance et la protection - Wargate Hockey","robots":{"index":"index","follow":"follow","max-snippet":"max-snippet:-1","max-image-preview":"max-image-preview:large","max-video-preview":"max-video-preview:-1"},"canonical":"https:\/\/wargatehockey.com\/hockey-armor-performance-protection\/","og_locale":"fr_FR","og_type":"article","og_title":"Armure de hockey pour la performance et la protection - Wargate Hockey","og_description":"Nous sommes sp\u00e9cialis\u00e9s dans la cr\u00e9ation d'\u00e9quipements de performance et de s\u00e9curit\u00e9 pour vous donner un AVANTAGE IN\u00c9GAL !Nous proposons d'innover avec les meilleurs \u00e9quipements de s\u00e9curit\u00e9 du march\u00e9.Nous cherchons toujours \u00e0 optimiser les performances sportives de nos athl\u00e8tes.Nos produits sont fabriqu\u00e9s \u00e0 partir des meilleurs mat\u00e9riaux possibles pour assurer leur durabilit\u00e9.Notre \u00e9quipe cr\u00e9e des [&hellip;]","og_url":"https:\/\/wargatehockey.com\/hockey-armor-performance-protection\/","og_site_name":"Wargate Hockey","article_modified_time":"2022-11-15T15:43:47+00:00","twitter_card":"summary_large_image","twitter_misc":{"Dur\u00e9e de lecture estim\u00e9e":"7 minutes"},"schema":{"@context":"https:\/\/schema.org","@graph":[{"@type":"WebPage","@id":"https:\/\/wargatehockey.com\/hockey-armor-performance-protection\/","url":"https:\/\/wargatehockey.com\/hockey-armor-performance-protection\/","name":"Armure de hockey pour la performance et la protection - Wargate Hockey","isPartOf":{"@id":"https:\/\/wargatehockey.com\/#website"},"datePublished":"2021-08-22T17:05:21+00:00","dateModified":"2022-11-15T15:43:47+00:00","breadcrumb":{"@id":"https:\/\/wargatehockey.com\/hockey-armor-performance-protection\/#breadcrumb"},"inLanguage":"fr-FR","potentialAction":[{"@type":"ReadAction","target":["https:\/\/wargatehockey.com\/hockey-armor-performance-protection\/"]}]},{"@type":"BreadcrumbList","@id":"https:\/\/wargatehockey.com\/hockey-armor-performance-protection\/#breadcrumb","itemListElement":[{"@type":"ListItem","position":1,"name":"Home","item":"https:\/\/wargatehockey.com\/"},{"@type":"ListItem","position":2,"name":"Armure de hockey pour la performance et la protection"}]},{"@type":"WebSite","@id":"https:\/\/wargatehockey.com\/#website","url":"https:\/\/wargatehockey.com\/","name":"Wargate Hockey","description":"Hockey Face Protection \/ Masks &amp; Shields","potentialAction":[{"@type":"SearchAction","target":{"@type":"EntryPoint","urlTemplate":"https:\/\/wargatehockey.com\/?s={search_term_string}"},"query-input":{"@type":"PropertyValueSpecification","valueRequired":true,"valueName":"search_term_string"}}],"inLanguage":"fr-FR"}]}},"_hostinger_reach_plugin_has_subscription_block":false,"_hostinger_reach_plugin_is_elementor":false,"_links":{"self":[{"href":"https:\/\/wargatehockey.com\/fr\/wp-json\/wp\/v2\/pages\/304","targetHints":{"allow":["GET"]}}],"collection":[{"href":"https:\/\/wargatehockey.com\/fr\/wp-json\/wp\/v2\/pages"}],"about":[{"href":"https:\/\/wargatehockey.com\/fr\/wp-json\/wp\/v2\/types\/page"}],"author":[{"embeddable":true,"href":"https:\/\/wargatehockey.com\/fr\/wp-json\/wp\/v2\/users\/2"}],"replies":[{"embeddable":true,"href":"https:\/\/wargatehockey.com\/fr\/wp-json\/wp\/v2\/comments?post=304"}],"version-history":[{"count":7,"href":"https:\/\/wargatehockey.com\/fr\/wp-json\/wp\/v2\/pages\/304\/revisions"}],"predecessor-version":[{"id":519,"href":"https:\/\/wargatehockey.com\/fr\/wp-json\/wp\/v2\/pages\/304\/revisions\/519"}],"wp:attachment":[{"href":"https:\/\/wargatehockey.com\/fr\/wp-json\/wp\/v2\/media?parent=304"}],"curies":[{"name":"wp","href":"https:\/\/api.w.org\/{rel}","templated":true}]}}