{"id":298,"date":"2021-08-22T16:43:35","date_gmt":"2021-08-22T16:43:35","guid":{"rendered":"https:\/\/wargate.devbuddy.ca\/instructions\/"},"modified":"2022-11-09T04:26:38","modified_gmt":"2022-11-09T04:26:38","slug":"instructions","status":"publish","type":"page","link":"https:\/\/wargatehockey.com\/fr\/instructions\/","title":{"rendered":"Instructions"},"content":{"rendered":"<p>[et_pb_section fb_built=\u00a0\u00bb1&Prime; fullwidth=\u00a0\u00bbon\u00a0\u00bb _builder_version=\u00a0\u00bb4.16&Prime; _module_preset=\u00a0\u00bbdefault\u00a0\u00bb bottom_divider_style=\u00a0\u00bbasymmetric4&Prime; bottom_divider_color=\u00a0\u00bb#FFFFFF\u00a0\u00bb global_colors_info=\u00a0\u00bb{}\u00a0\u00bb][et_pb_fullwidth_header title=\u00a0\u00bbInstructions\u00a0\u00bb text_orientation=\u00a0\u00bbcenter\u00a0\u00bb _builder_version=\u00a0\u00bb4.16&Prime; _module_preset=\u00a0\u00bbdefault\u00a0\u00bb title_font_size=\u00a0\u00bb88px\u00a0\u00bb content_font_size=\u00a0\u00bb31px\u00a0\u00bb content_line_height=\u00a0\u00bb1.4em\u00a0\u00bb use_background_color_gradient=\u00a0\u00bbon\u00a0\u00bb background_color_gradient_stops=\u00a0\u00bbrgba(0,0,0,0.84) 0%|#5e5e5e 100%\u00a0\u00bb background_color_gradient_start=\u00a0\u00bbrgba(0,0,0,0.84)\u00a0\u00bb background_color_gradient_end=\u00a0\u00bb#5e5e5e\u00a0\u00bb background_image=\u00a0\u00bbhttps:\/\/wargate.devbuddy.ca\/wp-content\/uploads\/2021\/07\/Wargate-Performance-Hockey-Face-Protection-Armor-Shield-Shop-Online-Defend.jpg\u00a0\u00bb background_position=\u00a0\u00bbbottom_center\u00a0\u00bb background_blend=\u00a0\u00bboverlay\u00a0\u00bb custom_button_one=\u00a0\u00bbon\u00a0\u00bb button_one_border_width=\u00a0\u00bb1px\u00a0\u00bb button_one_border_radius=\u00a0\u00bb0px\u00a0\u00bb button_one_font=\u00a0\u00bb|600|||||||\u00a0\u00bb max_width=\u00a0\u00bb100%\u00a0\u00bb custom_margin=\u00a0\u00bb||||false|false\u00a0\u00bb global_colors_info=\u00a0\u00bb{}\u00a0\u00bb][\/et_pb_fullwidth_header][\/et_pb_section][et_pb_section fb_built=\u00a0\u00bb1&Prime; _builder_version=\u00a0\u00bb4.16&Prime; _module_preset=\u00a0\u00bbdefault\u00a0\u00bb width=\u00a0\u00bb90%\u00a0\u00bb max_width=\u00a0\u00bb100%\u00a0\u00bb module_alignment=\u00a0\u00bbcenter\u00a0\u00bb custom_padding=\u00a0\u00bb||0px|||\u00a0\u00bb global_colors_info=\u00a0\u00bb{}\u00a0\u00bb][et_pb_row _builder_version=\u00a0\u00bb4.16&Prime; _module_preset=\u00a0\u00bbdefault\u00a0\u00bb custom_margin=\u00a0\u00bb||||false|false\u00a0\u00bb global_colors_info=\u00a0\u00bb{}\u00a0\u00bb][et_pb_column type=\u00a0\u00bb4_4&Prime; _builder_version=\u00a0\u00bb4.16&Prime; _module_preset=\u00a0\u00bbdefault\u00a0\u00bb global_colors_info=\u00a0\u00bb{}\u00a0\u00bb][et_pb_video src=\u00a0\u00bbhttps:\/\/wargatehockey.com\/wp-content\/uploads\/2022\/10\/WARGATE-ASSEMBLY-V3-FR.mp4&Prime; _builder_version=\u00a0\u00bb4.18.0&Prime; _module_preset=\u00a0\u00bbdefault\u00a0\u00bb global_colors_info=\u00a0\u00bb{}\u00a0\u00bb][\/et_pb_video][et_pb_text _builder_version=\u00a0\u00bb4.16&Prime; _module_preset=\u00a0\u00bbdefault\u00a0\u00bb text_text_color=\u00a0\u00bb#000000&Prime; text_font_size=\u00a0\u00bb23px\u00a0\u00bb text_line_height=\u00a0\u00bb1.4em\u00a0\u00bb header_text_color=\u00a0\u00bb#E02B20&Prime; text_orientation=\u00a0\u00bbcenter\u00a0\u00bb max_width=\u00a0\u00bb942px\u00a0\u00bb module_alignment=\u00a0\u00bbcenter\u00a0\u00bb custom_margin=\u00a0\u00bb86px|-9px||||\u00a0\u00bb custom_padding=\u00a0\u00bb||5vh|0px|false|false\u00a0\u00bb global_colors_info=\u00a0\u00bb{}\u00a0\u00bb]<\/p>\n<h1 style=\"text-align: left;\"><\/h1>\n<p style=\"font-weight: 400;\">AVERTISSEMENT<\/p>\n<p style=\"font-weight: 400;\">\n<p style=\"font-weight: 400;\">Utilisez \u00e0 vos propres risques.<span>\u00a0 <\/span>\u00c0 lire avant d&rsquo;utiliser le produit et veuillez conserver ces instructions pour r\u00e9f\u00e9rence future. Le hockey sur glace est un sport de contact dangereux. La participation au hockey sur glace implique l&rsquo;acceptation de certains risques de blessures. L&rsquo;utilisation d&rsquo;un protecteur facial n&#8217;emp\u00eachera pas toutes les blessures. Cette grille de protection WARGATE offre une protection suppl\u00e9mentaire \u00e0 la visi\u00e8re traditionnelle. \u00c0 utiliser \u00e0 vos risques et p\u00e9rils. Cette grille WARGATE n&rsquo;offre aucune protection contre les blessures au cou, \u00e0 la colonne vert\u00e9brale, \u00e0 la t\u00eate et au cerveau. Cette grille n&rsquo;est pas certifi\u00e9e selon les normes, mais peut r\u00e9duire la fr\u00e9quence et la gravit\u00e9 des blessures au visage et aux yeux. Ne bloquez pas un tir ou un b\u00e2ton avec la grille. Si le protecteur facial est bossel\u00e9 ou endommag\u00e9 de quelque mani\u00e8re que ce soit, remplacez-le. Il peut ne pas avoir sa pleine capacit\u00e9 de protection s&rsquo;il est endommag\u00e9.<\/p>\n<p style=\"font-weight: 400;\">UTILISATION<\/p>\n<p style=\"font-weight: 400;\">Combinez cette grille WARGATE avec une visi\u00e8re compatible de type C. Les visi\u00e8res de type C sont destin\u00e9es aux joueurs \u00e2g\u00e9s de 18 ans ou plus lorsqu&rsquo;ils jouent au hockey. Ne pas utiliser par les gardiens de but. Il est recommand\u00e9 de remplacer la grille WARGATE apr\u00e8s cinq ans d&rsquo;utilisation.<\/p>\n<p>&nbsp;<\/p>\n<h1 style=\"text-align: center;\">INSTRUCTIONS<\/h1>\n<p style=\"text-align: left;\"><span style=\"font-size: 23px; text-align: left;\"><\/span><\/p>\n<div><span style=\"color: #e02b20;\"><b>POUR UN AJUSTEMENT OPTIMAL, COMPRIMEZ OU \u00c9LARGISSEZ LA GRILLE WARGATE EN FONCTION DE LA LARGEUR DE VOTRE CASQUE. LA VISI\u00c8RE DOIT \u00cbTRE POS\u00c9E PAR DESSUS LA GRILLE. UTILISEZ LES ESPACEURS DE VISI\u00c8RE DE 6 MM ENTRE LA VISI\u00c8RE ET LA GRILLE. UTILISEZ LES ESPACEURS DE 2 MM ENTRE LA GRILLE ET LE CASQUE<\/b><\/span><\/div>\n<div><\/div>\n<p style=\"text-align: left;\"><img \/><span style=\"font-size: 23px; text-align: left;\"><\/span><\/p>\n<p style=\"text-align: center;\"><span style=\"font-size: 23px; text-align: left;\">1. Commencez par ins\u00e9rer les 2 vis fournies (1,8 cm) dans les fentes de la visi\u00e8re d&rsquo;un c\u00f4t\u00e9. Tenez d&rsquo;une main et faites glisser les espaceurs de 6\u00a0mm (fournies avec la visi\u00e8re) avant de les ins\u00e9rer dans la fente de la cage (les espaceurs de 6\u00a0mm doivent \u00eatre plac\u00e9es entre la visi\u00e8re et la cage). Maintenez le tout d&rsquo;une main et ajoutez les espaceurs de 2mm avant de les ins\u00e9rer dans les 2 trous de votre casque. Serrez l\u00e9g\u00e8rement pour permettre le mouvement et r\u00e9p\u00e9tez la proc\u00e9dure pour l&rsquo;autre c\u00f4t\u00e9. Des espaceurs suppl\u00e9mentaires de 2 mm sont fournies au cas o\u00f9 une couche plus \u00e9paisse serait souhait\u00e9e entre le casque et la cage. \u00a0 \u00a0 \u00a0 \u00a0 \u00a0 \u00a0 \u00a0 \u00a0 \u00a0 \u00a0 \u00a0 \u00a0 \u00a0<\/span><\/p>\n<p style=\"text-align: center;\"><span style=\"font-size: 23px; text-align: left;\">2. Ne serrez pas trop les vis. \u00c9tant donn\u00e9 que la position souhait\u00e9e de la visi\u00e8re peut varier d&rsquo;un visage \u00e0 l&rsquo;autre, il peut \u00eatre n\u00e9cessaire d&rsquo;essayer diff\u00e9rentes positions le long de la fente de fixation de la visi\u00e8re. Nous vous sugg\u00e9rons de serrer l\u00e9g\u00e8rement les vis dans un premier temps pour trouver la position la plus appropri\u00e9e pour vous.<\/span><\/p>\n<p style=\"text-align: center;\"><span style=\"font-size: 23px; text-align: left;\">3. Placez le casque et le protecteur facial fix\u00e9s avec la visi\u00e8re sur votre t\u00eate.<\/span><\/p>\n<p style=\"text-align: center;\"><span style=\"font-size: 23px; text-align: left;\">4. Ajustez la grille confortablement et \u00e0 une distance s\u00fbre de votre menton.<\/span><\/p>\n<p style=\"text-align: center;\"><span style=\"font-size: 23px; text-align: left;\">5. Ins\u00e9rez la mentonni\u00e8re sur la sangle de votre casque et fixez-la confortablement sous votre menton \u00e0 tout moment pour une protection maximale.<\/span><\/p>\n<p style=\"text-align: center;\"><span style=\"font-size: 23px; text-align: left;\">6. Alignez la grille de mani\u00e8re \u00e0 ce qu&rsquo;il y ait peu ou pas de distance entre la grille et la visi\u00e8re. Lorsque la position souhait\u00e9e est d\u00e9termin\u00e9e, fixez fermement les vis \u00e0 la main \u00e0 l&rsquo;aide d&rsquo;un tournevis.<\/span><\/p>\n<p style=\"text-align: center;\"><em style=\"font-size: 23px; text-align: left;\"><span style=\"color: #e02b20;\">7. POUR UN MAXIMUM DE CONFORT, LE JOUEUR PEUT \u00c9TIRER OU COMPRIMER LA GRILLE WARGATE SELON LA LARGEUR PARFAITE DE LA T\u00caTE ET DU CASQUE DU JOUEUR (VOIR NOTRE VID\u00c9O \u00ab\u00a0COMMENT \u00c7A MARCHE\u00a0\u00bb)<\/span><\/em><\/p>\n<p>[\/et_pb_text][et_pb_text _builder_version=\u00a0\u00bb4.18.0&Prime; _module_preset=\u00a0\u00bbdefault\u00a0\u00bb text_text_color=\u00a0\u00bb#000000&Prime; text_font_size=\u00a0\u00bb23px\u00a0\u00bb text_line_height=\u00a0\u00bb1.4em\u00a0\u00bb header_text_color=\u00a0\u00bb#E02B20&Prime; text_orientation=\u00a0\u00bbcenter\u00a0\u00bb max_width=\u00a0\u00bb800px\u00a0\u00bb module_alignment=\u00a0\u00bbcenter\u00a0\u00bb custom_margin=\u00a0\u00bb|282px||109px||\u00a0\u00bb custom_padding=\u00a0\u00bb|0px|10vh|0px|false|false\u00a0\u00bb hover_enabled=\u00a0\u00bb0&Prime; global_colors_info=\u00a0\u00bb{}\u00a0\u00bb sticky_enabled=\u00a0\u00bb0&Prime;]<\/p>\n<p style=\"font-weight: 400;\"><span style=\"color: #e02b20;\"><span style=\"font-size: xx-large;\">INSTRUCTIONS D\u2019ENTRETIEN<\/span>\u00a0<\/span><\/p>\n<p style=\"font-weight: 400;\">Avant utilisation, assurez-vous que la grille n&rsquo;a pas de soudures cass\u00e9es, que les vis de fixation sont correctement serr\u00e9es. Ce produit doit \u00eatre inspect\u00e9 en permanence pour d\u00e9tecter toute d\u00e9t\u00e9rioration. Si la grille a des soudures cass\u00e9es, des fils pli\u00e9s, des fissures ou a subi un impact important, elle doit \u00eatre remplac\u00e9. Apr\u00e8s tout impact, inspectez la grille pour d\u00e9tecter tout dommage susceptible de r\u00e9duire la capacit\u00e9 de protection. Ne stockez pas la grille \u00e0 la lumi\u00e8re directe du soleil ou \u00e0 la chaleur. N&rsquo;utilisez pas de d\u00e9calcomanies, peintures, colles ou autres produits chimiques sur cette grille WARGATE. Pour nettoyer la grille WARGATE, utilisez uniquement une solution douce d&rsquo;eau et de savon. Ne modifiez pas et ne reconditionnez pas cette grille de quelque mani\u00e8re que ce soit.<\/p>\n<p>[\/et_pb_text][\/et_pb_column][\/et_pb_row][\/et_pb_section][et_pb_section fb_built=\u00a0\u00bb1&Prime; _builder_version=\u00a0\u00bb4.16&Prime; _module_preset=\u00a0\u00bbdefault\u00a0\u00bb custom_margin=\u00a0\u00bb||||false|false\u00a0\u00bb custom_padding=\u00a0\u00bb0vh||9vh||false|false\u00a0\u00bb bottom_divider_style=\u00a0\u00bbasymmetric4&Prime; bottom_divider_color=\u00a0\u00bb#000000&Prime; bottom_divider_flip=\u00a0\u00bbvertical|horizontal\u00a0\u00bb global_colors_info=\u00a0\u00bb{}\u00a0\u00bb][\/et_pb_section][et_pb_section fb_built=\u00a0\u00bb1&Prime; fullwidth=\u00a0\u00bbon\u00a0\u00bb _builder_version=\u00a0\u00bb4.16&Prime; _module_preset=\u00a0\u00bbdefault\u00a0\u00bb global_colors_info=\u00a0\u00bb{}\u00a0\u00bb][et_pb_fullwidth_header title=\u00a0\u00bbCommandez la v\u00f4tre d\u00e8s aujourd&rsquo;hui\u00a0\u00bb subhead=\u00a0\u00bbLes produits Wargate sont tous disponibles en ligne via Amazon. B\u00e9n\u00e9ficiez d&rsquo;une livraison Prime ultrarapide.\u00a0\u00bb text_orientation=\u00a0\u00bbcenter\u00a0\u00bb button_one_text=\u00a0\u00bbMagasinez\u00a0\u00bb content_max_width=\u00a0\u00bb500px\u00a0\u00bb _builder_version=\u00a0\u00bb4.16&Prime; _module_preset=\u00a0\u00bbdefault\u00a0\u00bb title_font_size=\u00a0\u00bb56px\u00a0\u00bb content_font_size=\u00a0\u00bb18px\u00a0\u00bb subhead_font_size=\u00a0\u00bb19px\u00a0\u00bb background_color=\u00a0\u00bb#000000&Prime; custom_button_one=\u00a0\u00bbon\u00a0\u00bb button_one_border_width=\u00a0\u00bb3px\u00a0\u00bb button_one_border_radius=\u00a0\u00bb30px\u00a0\u00bb width=\u00a0\u00bb100%\u00a0\u00bb max_width=\u00a0\u00bb100%\u00a0\u00bb custom_padding=\u00a0\u00bb||0px||false|false\u00a0\u00bb link_option_url=\u00a0\u00bb\/shop\u00a0\u00bb custom_css_button_1=\u00a0\u00bbdisplay: none;\u00a0\u00bb global_colors_info=\u00a0\u00bb{}\u00a0\u00bb][\/et_pb_fullwidth_header][\/et_pb_section][et_pb_section fb_built=\u00a0\u00bb1&Prime; _builder_version=\u00a0\u00bb4.16&Prime; _module_preset=\u00a0\u00bbdefault\u00a0\u00bb background_color=\u00a0\u00bb#000000&Prime; custom_margin=\u00a0\u00bb0px||||false|false\u00a0\u00bb custom_padding=\u00a0\u00bb0px||0vh||false|false\u00a0\u00bb global_colors_info=\u00a0\u00bb{}\u00a0\u00bb][et_pb_row _builder_version=\u00a0\u00bb4.16&Prime; _module_preset=\u00a0\u00bbdefault\u00a0\u00bb custom_padding=\u00a0\u00bb0px||66px||false|false\u00a0\u00bb global_colors_info=\u00a0\u00bb{}\u00a0\u00bb][et_pb_column type=\u00a0\u00bb4_4&Prime; _builder_version=\u00a0\u00bb4.16&Prime; _module_preset=\u00a0\u00bbdefault\u00a0\u00bb global_colors_info=\u00a0\u00bb{}\u00a0\u00bb][et_pb_image src=\u00a0\u00bbhttps:\/\/wargate.devbuddy.ca\/wp-content\/uploads\/2021\/08\/amazon-black.jpeg\u00a0\u00bb title_text=\u00a0\u00bbamazon-black\u00a0\u00bb url=\u00a0\u00bbhttps:\/\/wargatehockey.com\/fr\/boutique\/\u00a0\u00bb align=\u00a0\u00bbcenter\u00a0\u00bb _builder_version=\u00a0\u00bb4.16&Prime; _module_preset=\u00a0\u00bbdefault\u00a0\u00bb max_width=\u00a0\u00bb300px\u00a0\u00bb hover_enabled=\u00a0\u00bb0&Prime; border_radii=\u00a0\u00bbon|30px|30px|30px|30px\u00a0\u00bb global_colors_info=\u00a0\u00bb{}\u00a0\u00bb sticky_enabled=\u00a0\u00bb0&Prime;][\/et_pb_image][\/et_pb_column][\/et_pb_row][\/et_pb_section]<\/p>\n","protected":false},"excerpt":{"rendered":"<p>AVERTISSEMENT Utilisez \u00e0 vos propres risques.\u00a0 \u00c0 lire avant d&rsquo;utiliser le produit et veuillez conserver ces instructions pour r\u00e9f\u00e9rence future. Le hockey sur glace est un sport de contact dangereux. La participation au hockey sur glace implique l&rsquo;acceptation de certains risques de blessures. L&rsquo;utilisation d&rsquo;un protecteur facial n&#8217;emp\u00eachera pas toutes les blessures. Cette grille de [&hellip;]<\/p>\n","protected":false},"author":2,"featured_media":0,"parent":0,"menu_order":0,"comment_status":"closed","ping_status":"closed","template":"","meta":{"_et_pb_use_builder":"on","_et_pb_old_content":"","_et_gb_content_width":"","footnotes":""},"class_list":["post-298","page","type-page","status-publish","hentry"],"yoast_head":"<!-- This site is optimized with the Yoast SEO plugin v27.4 - https:\/\/yoast.com\/product\/yoast-seo-wordpress\/ -->\n<title>Instructions - Wargate Hockey<\/title>\n<meta name=\"robots\" content=\"index, follow, max-snippet:-1, max-image-preview:large, max-video-preview:-1\" \/>\n<link rel=\"canonical\" href=\"https:\/\/wargatehockey.com\/how-to-use\/\" \/>\n<meta property=\"og:locale\" content=\"fr_FR\" \/>\n<meta property=\"og:type\" content=\"article\" \/>\n<meta property=\"og:title\" content=\"Instructions - Wargate Hockey\" \/>\n<meta property=\"og:description\" content=\"AVERTISSEMENT Utilisez \u00e0 vos propres risques.\u00a0 \u00c0 lire avant d&#039;utiliser le produit et veuillez conserver ces instructions pour r\u00e9f\u00e9rence future. Le hockey sur glace est un sport de contact dangereux. La participation au hockey sur glace implique l&#039;acceptation de certains risques de blessures. L&#039;utilisation d&#039;un protecteur facial n&#039;emp\u00eachera pas toutes les blessures. Cette grille de [&hellip;]\" \/>\n<meta property=\"og:url\" content=\"https:\/\/wargatehockey.com\/how-to-use\/\" \/>\n<meta property=\"og:site_name\" content=\"Wargate Hockey\" \/>\n<meta property=\"article:modified_time\" content=\"2022-11-09T04:26:38+00:00\" \/>\n<meta name=\"twitter:card\" content=\"summary_large_image\" \/>\n<meta name=\"twitter:label1\" content=\"Dur\u00e9e de lecture estim\u00e9e\" \/>\n\t<meta name=\"twitter:data1\" content=\"7 minutes\" \/>\n<script type=\"application\/ld+json\" class=\"yoast-schema-graph\">{\"@context\":\"https:\\\/\\\/schema.org\",\"@graph\":[{\"@type\":\"WebPage\",\"@id\":\"https:\\\/\\\/wargatehockey.com\\\/how-to-use\\\/\",\"url\":\"https:\\\/\\\/wargatehockey.com\\\/how-to-use\\\/\",\"name\":\"Instructions - Wargate Hockey\",\"isPartOf\":{\"@id\":\"https:\\\/\\\/wargatehockey.com\\\/#website\"},\"datePublished\":\"2021-08-22T16:43:35+00:00\",\"dateModified\":\"2022-11-09T04:26:38+00:00\",\"breadcrumb\":{\"@id\":\"https:\\\/\\\/wargatehockey.com\\\/how-to-use\\\/#breadcrumb\"},\"inLanguage\":\"fr-FR\",\"potentialAction\":[{\"@type\":\"ReadAction\",\"target\":[\"https:\\\/\\\/wargatehockey.com\\\/how-to-use\\\/\"]}]},{\"@type\":\"BreadcrumbList\",\"@id\":\"https:\\\/\\\/wargatehockey.com\\\/how-to-use\\\/#breadcrumb\",\"itemListElement\":[{\"@type\":\"ListItem\",\"position\":1,\"name\":\"Home\",\"item\":\"https:\\\/\\\/wargatehockey.com\\\/\"},{\"@type\":\"ListItem\",\"position\":2,\"name\":\"Instructions\"}]},{\"@type\":\"WebSite\",\"@id\":\"https:\\\/\\\/wargatehockey.com\\\/#website\",\"url\":\"https:\\\/\\\/wargatehockey.com\\\/\",\"name\":\"Wargate Hockey\",\"description\":\"Hockey Face Protection \\\/ Masks &amp; Shields\",\"potentialAction\":[{\"@type\":\"SearchAction\",\"target\":{\"@type\":\"EntryPoint\",\"urlTemplate\":\"https:\\\/\\\/wargatehockey.com\\\/?s={search_term_string}\"},\"query-input\":{\"@type\":\"PropertyValueSpecification\",\"valueRequired\":true,\"valueName\":\"search_term_string\"}}],\"inLanguage\":\"fr-FR\"}]}<\/script>\n<!-- \/ Yoast SEO plugin. -->","yoast_head_json":{"title":"Instructions - Wargate Hockey","robots":{"index":"index","follow":"follow","max-snippet":"max-snippet:-1","max-image-preview":"max-image-preview:large","max-video-preview":"max-video-preview:-1"},"canonical":"https:\/\/wargatehockey.com\/how-to-use\/","og_locale":"fr_FR","og_type":"article","og_title":"Instructions - Wargate Hockey","og_description":"AVERTISSEMENT Utilisez \u00e0 vos propres risques.\u00a0 \u00c0 lire avant d'utiliser le produit et veuillez conserver ces instructions pour r\u00e9f\u00e9rence future. Le hockey sur glace est un sport de contact dangereux. La participation au hockey sur glace implique l'acceptation de certains risques de blessures. L'utilisation d'un protecteur facial n'emp\u00eachera pas toutes les blessures. Cette grille de [&hellip;]","og_url":"https:\/\/wargatehockey.com\/how-to-use\/","og_site_name":"Wargate Hockey","article_modified_time":"2022-11-09T04:26:38+00:00","twitter_card":"summary_large_image","twitter_misc":{"Dur\u00e9e de lecture estim\u00e9e":"7 minutes"},"schema":{"@context":"https:\/\/schema.org","@graph":[{"@type":"WebPage","@id":"https:\/\/wargatehockey.com\/how-to-use\/","url":"https:\/\/wargatehockey.com\/how-to-use\/","name":"Instructions - Wargate Hockey","isPartOf":{"@id":"https:\/\/wargatehockey.com\/#website"},"datePublished":"2021-08-22T16:43:35+00:00","dateModified":"2022-11-09T04:26:38+00:00","breadcrumb":{"@id":"https:\/\/wargatehockey.com\/how-to-use\/#breadcrumb"},"inLanguage":"fr-FR","potentialAction":[{"@type":"ReadAction","target":["https:\/\/wargatehockey.com\/how-to-use\/"]}]},{"@type":"BreadcrumbList","@id":"https:\/\/wargatehockey.com\/how-to-use\/#breadcrumb","itemListElement":[{"@type":"ListItem","position":1,"name":"Home","item":"https:\/\/wargatehockey.com\/"},{"@type":"ListItem","position":2,"name":"Instructions"}]},{"@type":"WebSite","@id":"https:\/\/wargatehockey.com\/#website","url":"https:\/\/wargatehockey.com\/","name":"Wargate Hockey","description":"Hockey Face Protection \/ Masks &amp; Shields","potentialAction":[{"@type":"SearchAction","target":{"@type":"EntryPoint","urlTemplate":"https:\/\/wargatehockey.com\/?s={search_term_string}"},"query-input":{"@type":"PropertyValueSpecification","valueRequired":true,"valueName":"search_term_string"}}],"inLanguage":"fr-FR"}]}},"_hostinger_reach_plugin_has_subscription_block":false,"_hostinger_reach_plugin_is_elementor":false,"_links":{"self":[{"href":"https:\/\/wargatehockey.com\/fr\/wp-json\/wp\/v2\/pages\/298","targetHints":{"allow":["GET"]}}],"collection":[{"href":"https:\/\/wargatehockey.com\/fr\/wp-json\/wp\/v2\/pages"}],"about":[{"href":"https:\/\/wargatehockey.com\/fr\/wp-json\/wp\/v2\/types\/page"}],"author":[{"embeddable":true,"href":"https:\/\/wargatehockey.com\/fr\/wp-json\/wp\/v2\/users\/2"}],"replies":[{"embeddable":true,"href":"https:\/\/wargatehockey.com\/fr\/wp-json\/wp\/v2\/comments?post=298"}],"version-history":[{"count":7,"href":"https:\/\/wargatehockey.com\/fr\/wp-json\/wp\/v2\/pages\/298\/revisions"}],"predecessor-version":[{"id":492,"href":"https:\/\/wargatehockey.com\/fr\/wp-json\/wp\/v2\/pages\/298\/revisions\/492"}],"wp:attachment":[{"href":"https:\/\/wargatehockey.com\/fr\/wp-json\/wp\/v2\/media?parent=298"}],"curies":[{"name":"wp","href":"https:\/\/api.w.org\/{rel}","templated":true}]}}