{"id":289,"date":"2021-08-22T16:35:40","date_gmt":"2021-08-22T16:35:40","guid":{"rendered":"https:\/\/wargate.devbuddy.ca\/retours-et-garantie\/"},"modified":"2021-08-22T16:35:40","modified_gmt":"2021-08-22T16:35:40","slug":"retours-et-garantie","status":"publish","type":"page","link":"https:\/\/wargatehockey.com\/fr\/retours-et-garantie\/","title":{"rendered":"Retours et garantie"},"content":{"rendered":"<p>[et_pb_section fb_built=\u00a0\u00bb1&Prime; fullwidth=\u00a0\u00bbon\u00a0\u00bb _builder_version=\u00a0\u00bb4.9.10&Prime; _module_preset=\u00a0\u00bbdefault\u00a0\u00bb bottom_divider_style=\u00a0\u00bbasymmetric4&Prime; bottom_divider_color=\u00a0\u00bb#FFFFFF\u00a0\u00bb][et_pb_fullwidth_header title=\u00a0\u00bbRETOURS ET GARANTIE\u00a0\u00bb text_orientation=\u00a0\u00bbcenter\u00a0\u00bb _builder_version=\u00a0\u00bb4.9.10&Prime; _module_preset=\u00a0\u00bbdefault\u00a0\u00bb title_font_size=\u00a0\u00bb88px\u00a0\u00bb content_font_size=\u00a0\u00bb31px\u00a0\u00bb content_line_height=\u00a0\u00bb1.4em\u00a0\u00bb use_background_color_gradient=\u00a0\u00bbon\u00a0\u00bb background_color_gradient_start=\u00a0\u00bbrgba(0,0,0,0.84)\u00a0\u00bb background_color_gradient_end=\u00a0\u00bb#5e5e5e\u00a0\u00bb background_image=\u00a0\u00bbhttps:\/\/wargate.devbuddy.ca\/wp-content\/uploads\/2021\/07\/Wargate-Performance-Hockey-Face-Protection-Armor-Shield-Shop-Online-Defend.jpg\u00a0\u00bb background_position=\u00a0\u00bbbottom_center\u00a0\u00bb background_blend=\u00a0\u00bboverlay\u00a0\u00bb custom_button_one=\u00a0\u00bbon\u00a0\u00bb button_one_border_width=\u00a0\u00bb1px\u00a0\u00bb button_one_border_radius=\u00a0\u00bb0px\u00a0\u00bb button_one_font=\u00a0\u00bb|600|||||||\u00a0\u00bb max_width=\u00a0\u00bb100%\u00a0\u00bb custom_margin=\u00a0\u00bb||||false|false\u00a0\u00bb][\/et_pb_fullwidth_header][\/et_pb_section][et_pb_section fb_built=\u00a0\u00bb1&Prime; _builder_version=\u00a0\u00bb4.9.10&Prime; _module_preset=\u00a0\u00bbdefault\u00a0\u00bb width=\u00a0\u00bb90%\u00a0\u00bb max_width=\u00a0\u00bb100%\u00a0\u00bb module_alignment=\u00a0\u00bbcenter\u00a0\u00bb custom_padding=\u00a0\u00bb||0px|||\u00a0\u00bb][et_pb_row _builder_version=\u00a0\u00bb4.9.10&Prime; _module_preset=\u00a0\u00bbdefault\u00a0\u00bb custom_margin=\u00a0\u00bb||||false|false\u00a0\u00bb][et_pb_column type=\u00a0\u00bb4_4&Prime; _builder_version=\u00a0\u00bb4.9.10&Prime; _module_preset=\u00a0\u00bbdefault\u00a0\u00bb][et_pb_text _builder_version=\u00a0\u00bb4.9.10&Prime; _module_preset=\u00a0\u00bbdefault\u00a0\u00bb text_text_color=\u00a0\u00bb#000000&Prime; text_font_size=\u00a0\u00bb23px\u00a0\u00bb text_line_height=\u00a0\u00bb1.4em\u00a0\u00bb header_text_color=\u00a0\u00bb#E02B20&Prime; max_width=\u00a0\u00bb800px\u00a0\u00bb module_alignment=\u00a0\u00bbcenter\u00a0\u00bb custom_padding=\u00a0\u00bb||5vh||false|false\u00a0\u00bb hover_enabled=\u00a0\u00bb0&Prime; sticky_enabled=\u00a0\u00bb0&Prime;]<\/p>\n<p>POLITIQUE DE RETOUR<\/p>\n<p>Tous les retours sont trait\u00e9s par Amazon et doivent \u00eatre conformes \u00e0 la politique de retour d&rsquo;Amazon.<\/p>\n<p>Tout achat de produits Wargate par le biais d&rsquo;Amazon est soumis aux politiques de garantie d&rsquo;Amazon uniquement.\u00a0<\/p>\n<p>POLITIQUE DE GARANTIE\u00a0<\/p>\n<p>Pour les achats au d\u00e9tail, nous offrons une garantie pour les d\u00e9fauts de fabrication uniquement et pour une p\u00e9riode de 30 jours apr\u00e8s l&rsquo;achat.\u00a0 La preuve d&rsquo;achat du consommateur doit accompagner toutes les r\u00e9clamations. Wargate se r\u00e9serve le droit de r\u00e9parer ou de remplacer, \u00e0 sa discr\u00e9tion, tout produit jug\u00e9 d\u00e9fectueux. Si, selon Wargate, la d\u00e9faillance du produit est due \u00e0 un accident, un abus, une n\u00e9gligence ou une utilisation anormale, le produit ne sera pas couvert par cette garantie ou toute autre garantie. Cette garantie est express\u00e9ment d\u00e9clar\u00e9e comme \u00e9tant donn\u00e9e en lieu et place de toute autre garantie exprim\u00e9e ou implicite de la part de Wargate. Personne n&rsquo;est autoris\u00e9 \u00e0 donner une garantie suppl\u00e9mentaire dans le cadre de la vente de produits Wargate. Les ventes d&rsquo;\u00e9quipes professionnelles, de la NHL, de la CHL, de l&rsquo;ECHL, de l&rsquo;USHL, de l&rsquo;AHL et des universit\u00e9s ou coll\u00e8ges sont exclues de cette garantie.<\/p>\n<p>Renseignements g\u00e9n\u00e9raux et garantie : info@wargatehockey.com<\/p>\n<p>[\/et_pb_text][\/et_pb_column][\/et_pb_row][\/et_pb_section][et_pb_section fb_built=\u00a0\u00bb1&Prime; _builder_version=\u00a0\u00bb4.9.10&Prime; _module_preset=\u00a0\u00bbdefault\u00a0\u00bb custom_margin=\u00a0\u00bb||||false|false\u00a0\u00bb custom_padding=\u00a0\u00bb0vh||9vh||false|false\u00a0\u00bb bottom_divider_style=\u00a0\u00bbasymmetric4&Prime; bottom_divider_color=\u00a0\u00bb#000000&Prime; bottom_divider_flip=\u00a0\u00bbvertical|horizontal\u00a0\u00bb][\/et_pb_section][et_pb_section fb_built=\u00a0\u00bb1&Prime; fullwidth=\u00a0\u00bbon\u00a0\u00bb _builder_version=\u00a0\u00bb4.9.10&Prime; _module_preset=\u00a0\u00bbdefault\u00a0\u00bb][et_pb_fullwidth_header title=\u00a0\u00bbCommandez le v\u00f4tre d\u00e8s aujourd&rsquo;hui\u00a0\u00bb subhead=\u00a0\u00bbLes produits Wargate sont tous disponibles en ligne via Amazon. B\u00e9n\u00e9ficiez d&rsquo;une livraison Prime ultrarapide.\u00a0\u00bb text_orientation=\u00a0\u00bbcenter\u00a0\u00bb button_one_text=\u00a0\u00bbMagasinez\u00a0\u00bb content_max_width=\u00a0\u00bb500px\u00a0\u00bb _builder_version=\u00a0\u00bb4.9.10&Prime; _module_preset=\u00a0\u00bbdefault\u00a0\u00bb title_font_size=\u00a0\u00bb56px\u00a0\u00bb content_font_size=\u00a0\u00bb18px\u00a0\u00bb subhead_font_size=\u00a0\u00bb19px\u00a0\u00bb background_color=\u00a0\u00bb#000000&Prime; custom_button_one=\u00a0\u00bbon\u00a0\u00bb button_one_border_width=\u00a0\u00bb3px\u00a0\u00bb button_one_border_radius=\u00a0\u00bb30px\u00a0\u00bb width=\u00a0\u00bb100%\u00a0\u00bb max_width=\u00a0\u00bb100%\u00a0\u00bb custom_padding=\u00a0\u00bb||0px||false|false\u00a0\u00bb link_option_url=\u00a0\u00bb\/shop\u00a0\u00bb custom_css_button_1=\u00a0\u00bbdisplay: none;\u00a0\u00bb][\/et_pb_fullwidth_header][\/et_pb_section][et_pb_section fb_built=\u00a0\u00bb1&Prime; _builder_version=\u00a0\u00bb4.9.10&Prime; _module_preset=\u00a0\u00bbdefault\u00a0\u00bb background_color=\u00a0\u00bb#000000&Prime; custom_margin=\u00a0\u00bb0px||||false|false\u00a0\u00bb custom_padding=\u00a0\u00bb0px||0vh||false|false\u00a0\u00bb][et_pb_row _builder_version=\u00a0\u00bb4.9.10&Prime; _module_preset=\u00a0\u00bbdefault\u00a0\u00bb custom_padding=\u00a0\u00bb0px||66px||false|false\u00a0\u00bb][et_pb_column type=\u00a0\u00bb4_4&Prime; _builder_version=\u00a0\u00bb4.9.10&Prime; _module_preset=\u00a0\u00bbdefault\u00a0\u00bb][et_pb_image src=\u00a0\u00bbhttps:\/\/wargate.devbuddy.ca\/wp-content\/uploads\/2021\/08\/amazon-black.jpeg\u00a0\u00bb title_text=\u00a0\u00bbamazon-black\u00a0\u00bb url=\u00a0\u00bbhttps:\/\/wargate.devbuddy.ca\/shop\/\u00a0\u00bb align=\u00a0\u00bbcenter\u00a0\u00bb _builder_version=\u00a0\u00bb4.9.10&Prime; _module_preset=\u00a0\u00bbdefault\u00a0\u00bb max_width=\u00a0\u00bb300px\u00a0\u00bb border_radii=\u00a0\u00bbon|30px|30px|30px|30px\u00a0\u00bb][\/et_pb_image][\/et_pb_column][\/et_pb_row][\/et_pb_section]<\/p>\n","protected":false},"excerpt":{"rendered":"<p>POLITIQUE DE RETOUR Tous les retours sont trait\u00e9s par Amazon et doivent \u00eatre conformes \u00e0 la politique de retour d&rsquo;Amazon. Tout achat de produits Wargate par le biais d&rsquo;Amazon est soumis aux politiques de garantie d&rsquo;Amazon uniquement.\u00a0 POLITIQUE DE GARANTIE\u00a0 Pour les achats au d\u00e9tail, nous offrons une garantie pour les d\u00e9fauts de fabrication uniquement [&hellip;]<\/p>\n","protected":false},"author":2,"featured_media":0,"parent":0,"menu_order":0,"comment_status":"closed","ping_status":"closed","template":"","meta":{"_et_pb_use_builder":"on","_et_pb_old_content":"","_et_gb_content_width":"","footnotes":""},"class_list":["post-289","page","type-page","status-publish","hentry"],"yoast_head":"<!-- This site is optimized with the Yoast SEO plugin v27.4 - https:\/\/yoast.com\/product\/yoast-seo-wordpress\/ -->\n<title>Retours et garantie - Wargate Hockey<\/title>\n<meta name=\"robots\" content=\"index, follow, max-snippet:-1, max-image-preview:large, max-video-preview:-1\" \/>\n<link rel=\"canonical\" href=\"https:\/\/wargatehockey.com\/returns-warranty\/\" \/>\n<meta property=\"og:locale\" content=\"fr_FR\" \/>\n<meta property=\"og:type\" content=\"article\" \/>\n<meta property=\"og:title\" content=\"Retours et garantie - Wargate Hockey\" \/>\n<meta property=\"og:description\" content=\"POLITIQUE DE RETOUR Tous les retours sont trait\u00e9s par Amazon et doivent \u00eatre conformes \u00e0 la politique de retour d&#039;Amazon. Tout achat de produits Wargate par le biais d&#039;Amazon est soumis aux politiques de garantie d&#039;Amazon uniquement.\u00a0 POLITIQUE DE GARANTIE\u00a0 Pour les achats au d\u00e9tail, nous offrons une garantie pour les d\u00e9fauts de fabrication uniquement [&hellip;]\" \/>\n<meta property=\"og:url\" content=\"https:\/\/wargatehockey.com\/returns-warranty\/\" \/>\n<meta property=\"og:site_name\" content=\"Wargate Hockey\" \/>\n<meta name=\"twitter:card\" content=\"summary_large_image\" \/>\n<meta name=\"twitter:label1\" content=\"Dur\u00e9e de lecture estim\u00e9e\" \/>\n\t<meta name=\"twitter:data1\" content=\"3 minutes\" \/>\n<script type=\"application\/ld+json\" class=\"yoast-schema-graph\">{\"@context\":\"https:\\\/\\\/schema.org\",\"@graph\":[{\"@type\":\"WebPage\",\"@id\":\"https:\\\/\\\/wargatehockey.com\\\/returns-warranty\\\/\",\"url\":\"https:\\\/\\\/wargatehockey.com\\\/returns-warranty\\\/\",\"name\":\"Retours et garantie - Wargate Hockey\",\"isPartOf\":{\"@id\":\"https:\\\/\\\/wargatehockey.com\\\/#website\"},\"datePublished\":\"2021-08-22T16:35:40+00:00\",\"breadcrumb\":{\"@id\":\"https:\\\/\\\/wargatehockey.com\\\/returns-warranty\\\/#breadcrumb\"},\"inLanguage\":\"fr-FR\",\"potentialAction\":[{\"@type\":\"ReadAction\",\"target\":[\"https:\\\/\\\/wargatehockey.com\\\/returns-warranty\\\/\"]}]},{\"@type\":\"BreadcrumbList\",\"@id\":\"https:\\\/\\\/wargatehockey.com\\\/returns-warranty\\\/#breadcrumb\",\"itemListElement\":[{\"@type\":\"ListItem\",\"position\":1,\"name\":\"Home\",\"item\":\"https:\\\/\\\/wargatehockey.com\\\/\"},{\"@type\":\"ListItem\",\"position\":2,\"name\":\"Retours et garantie\"}]},{\"@type\":\"WebSite\",\"@id\":\"https:\\\/\\\/wargatehockey.com\\\/#website\",\"url\":\"https:\\\/\\\/wargatehockey.com\\\/\",\"name\":\"Wargate Hockey\",\"description\":\"Hockey Face Protection \\\/ Masks &amp; Shields\",\"potentialAction\":[{\"@type\":\"SearchAction\",\"target\":{\"@type\":\"EntryPoint\",\"urlTemplate\":\"https:\\\/\\\/wargatehockey.com\\\/?s={search_term_string}\"},\"query-input\":{\"@type\":\"PropertyValueSpecification\",\"valueRequired\":true,\"valueName\":\"search_term_string\"}}],\"inLanguage\":\"fr-FR\"}]}<\/script>\n<!-- \/ Yoast SEO plugin. -->","yoast_head_json":{"title":"Retours et garantie - Wargate Hockey","robots":{"index":"index","follow":"follow","max-snippet":"max-snippet:-1","max-image-preview":"max-image-preview:large","max-video-preview":"max-video-preview:-1"},"canonical":"https:\/\/wargatehockey.com\/returns-warranty\/","og_locale":"fr_FR","og_type":"article","og_title":"Retours et garantie - Wargate Hockey","og_description":"POLITIQUE DE RETOUR Tous les retours sont trait\u00e9s par Amazon et doivent \u00eatre conformes \u00e0 la politique de retour d'Amazon. Tout achat de produits Wargate par le biais d'Amazon est soumis aux politiques de garantie d'Amazon uniquement.\u00a0 POLITIQUE DE GARANTIE\u00a0 Pour les achats au d\u00e9tail, nous offrons une garantie pour les d\u00e9fauts de fabrication uniquement [&hellip;]","og_url":"https:\/\/wargatehockey.com\/returns-warranty\/","og_site_name":"Wargate Hockey","twitter_card":"summary_large_image","twitter_misc":{"Dur\u00e9e de lecture estim\u00e9e":"3 minutes"},"schema":{"@context":"https:\/\/schema.org","@graph":[{"@type":"WebPage","@id":"https:\/\/wargatehockey.com\/returns-warranty\/","url":"https:\/\/wargatehockey.com\/returns-warranty\/","name":"Retours et garantie - Wargate Hockey","isPartOf":{"@id":"https:\/\/wargatehockey.com\/#website"},"datePublished":"2021-08-22T16:35:40+00:00","breadcrumb":{"@id":"https:\/\/wargatehockey.com\/returns-warranty\/#breadcrumb"},"inLanguage":"fr-FR","potentialAction":[{"@type":"ReadAction","target":["https:\/\/wargatehockey.com\/returns-warranty\/"]}]},{"@type":"BreadcrumbList","@id":"https:\/\/wargatehockey.com\/returns-warranty\/#breadcrumb","itemListElement":[{"@type":"ListItem","position":1,"name":"Home","item":"https:\/\/wargatehockey.com\/"},{"@type":"ListItem","position":2,"name":"Retours et garantie"}]},{"@type":"WebSite","@id":"https:\/\/wargatehockey.com\/#website","url":"https:\/\/wargatehockey.com\/","name":"Wargate Hockey","description":"Hockey Face Protection \/ Masks &amp; Shields","potentialAction":[{"@type":"SearchAction","target":{"@type":"EntryPoint","urlTemplate":"https:\/\/wargatehockey.com\/?s={search_term_string}"},"query-input":{"@type":"PropertyValueSpecification","valueRequired":true,"valueName":"search_term_string"}}],"inLanguage":"fr-FR"}]}},"_hostinger_reach_plugin_has_subscription_block":false,"_hostinger_reach_plugin_is_elementor":false,"_links":{"self":[{"href":"https:\/\/wargatehockey.com\/fr\/wp-json\/wp\/v2\/pages\/289","targetHints":{"allow":["GET"]}}],"collection":[{"href":"https:\/\/wargatehockey.com\/fr\/wp-json\/wp\/v2\/pages"}],"about":[{"href":"https:\/\/wargatehockey.com\/fr\/wp-json\/wp\/v2\/types\/page"}],"author":[{"embeddable":true,"href":"https:\/\/wargatehockey.com\/fr\/wp-json\/wp\/v2\/users\/2"}],"replies":[{"embeddable":true,"href":"https:\/\/wargatehockey.com\/fr\/wp-json\/wp\/v2\/comments?post=289"}],"version-history":[{"count":2,"href":"https:\/\/wargatehockey.com\/fr\/wp-json\/wp\/v2\/pages\/289\/revisions"}],"predecessor-version":[{"id":291,"href":"https:\/\/wargatehockey.com\/fr\/wp-json\/wp\/v2\/pages\/289\/revisions\/291"}],"wp:attachment":[{"href":"https:\/\/wargatehockey.com\/fr\/wp-json\/wp\/v2\/media?parent=289"}],"curies":[{"name":"wp","href":"https:\/\/api.w.org\/{rel}","templated":true}]}}