{"id":280,"date":"2021-08-22T16:19:59","date_gmt":"2021-08-22T16:19:59","guid":{"rendered":"https:\/\/wargate.devbuddy.ca\/conditions-dutilisation\/"},"modified":"2021-08-22T16:19:59","modified_gmt":"2021-08-22T16:19:59","slug":"conditions-dutilisation","status":"publish","type":"page","link":"https:\/\/wargatehockey.com\/fr\/conditions-dutilisation\/","title":{"rendered":"Conditions d&rsquo;utilisation"},"content":{"rendered":"<p>[et_pb_section fb_built=\u00a0\u00bb1&Prime; fullwidth=\u00a0\u00bbon\u00a0\u00bb _builder_version=\u00a0\u00bb4.9.10&Prime; _module_preset=\u00a0\u00bbdefault\u00a0\u00bb bottom_divider_style=\u00a0\u00bbasymmetric4&Prime; bottom_divider_color=\u00a0\u00bb#FFFFFF\u00a0\u00bb][et_pb_fullwidth_header title=\u00a0\u00bbCONDITIONS D&rsquo;UTILISATION\u00a0\u00bb text_orientation=\u00a0\u00bbcenter\u00a0\u00bb _builder_version=\u00a0\u00bb4.9.10&Prime; _module_preset=\u00a0\u00bbdefault\u00a0\u00bb title_font_size=\u00a0\u00bb88px\u00a0\u00bb content_font_size=\u00a0\u00bb31px\u00a0\u00bb content_line_height=\u00a0\u00bb1.4em\u00a0\u00bb use_background_color_gradient=\u00a0\u00bbon\u00a0\u00bb background_color_gradient_start=\u00a0\u00bbrgba(0,0,0,0.84)\u00a0\u00bb background_color_gradient_end=\u00a0\u00bb#5e5e5e\u00a0\u00bb background_image=\u00a0\u00bbhttps:\/\/wargate.devbuddy.ca\/wp-content\/uploads\/2021\/07\/Wargate-Performance-Hockey-Face-Protection-Armor-Shield-Shop-Online-Defend.jpg\u00a0\u00bb background_position=\u00a0\u00bbbottom_center\u00a0\u00bb background_blend=\u00a0\u00bboverlay\u00a0\u00bb custom_button_one=\u00a0\u00bbon\u00a0\u00bb button_one_border_width=\u00a0\u00bb1px\u00a0\u00bb button_one_border_radius=\u00a0\u00bb0px\u00a0\u00bb button_one_font=\u00a0\u00bb|600|||||||\u00a0\u00bb max_width=\u00a0\u00bb100%\u00a0\u00bb custom_margin=\u00a0\u00bb||||false|false\u00a0\u00bb][\/et_pb_fullwidth_header][\/et_pb_section][et_pb_section fb_built=\u00a0\u00bb1&Prime; _builder_version=\u00a0\u00bb4.9.10&Prime; _module_preset=\u00a0\u00bbdefault\u00a0\u00bb width=\u00a0\u00bb90%\u00a0\u00bb max_width=\u00a0\u00bb100%\u00a0\u00bb module_alignment=\u00a0\u00bbcenter\u00a0\u00bb custom_padding=\u00a0\u00bb||0px|||\u00a0\u00bb][et_pb_row _builder_version=\u00a0\u00bb4.9.10&Prime; _module_preset=\u00a0\u00bbdefault\u00a0\u00bb custom_margin=\u00a0\u00bb||||false|false\u00a0\u00bb][et_pb_column type=\u00a0\u00bb4_4&Prime; _builder_version=\u00a0\u00bb4.9.10&Prime; _module_preset=\u00a0\u00bbdefault\u00a0\u00bb][et_pb_text _builder_version=\u00a0\u00bb4.9.10&Prime; _module_preset=\u00a0\u00bbdefault\u00a0\u00bb text_text_color=\u00a0\u00bb#000000&Prime; text_font_size=\u00a0\u00bb23px\u00a0\u00bb text_line_height=\u00a0\u00bb1.4em\u00a0\u00bb header_text_color=\u00a0\u00bb#E02B20&Prime; max_width=\u00a0\u00bb800px\u00a0\u00bb module_alignment=\u00a0\u00bbcenter\u00a0\u00bb custom_padding=\u00a0\u00bb||5vh||false|false\u00a0\u00bb]<\/p>\n<p>CONDITIONS D&rsquo;UTILISATION<\/p>\n<h3>VEUILLEZ LIRE ATTENTIVEMENT LES CONDITIONS D&rsquo;UTILISATION SUIVANTES AVANT D&rsquo;UTILISER LES OUTILS NUM\u00c9RIQUES DE WARGATE HOCKEY (\u00a0\u00bb WARGATE \u00ab\u00a0) QUI COMPRENNENT LE SITE WEB DE WARGATE HOCKEY (\u00a0\u00bb site Web \u00ab\u00a0) ET LES PLATEFORMES MOBILES ANDROID ET IOS DE WARGATE SOCIAL MEDIA (\u00a0\u00bb plateformes mobiles \u00ab\u00a0). Tous les utilisateurs du site Web et des plateformes mobiles de Wargate acceptent que l&rsquo;acc\u00e8s \u00e0 ces outils num\u00e9riques et leur utilisation soient soumis aux conditions d&rsquo;utilisation suivantes et aux autres lois applicables. Si vous n&rsquo;acceptez pas ces conditions, veuillez ne pas utiliser ce site Web ou les plateformes mobiles Wargate.<\/h3>\n<p>LIMITATION DE RESPONSABILIT\u00c9<\/p>\n<p>WARGATE NE SERA PAS RESPONSABLE DES DOMMAGES DIRECTS, SP\u00c9CIAUX, ACCESSOIRES, INDIRECTS OU CONS\u00c9CUTIFS, Y COMPRIS POUR TOUTE PERTE DE PROFITS OU DE DONN\u00c9ES, QUI R\u00c9SULTENT DE L&rsquo;UTILISATION OU DE L&rsquo;INCAPACIT\u00c9 D&rsquo;UTILISER CE SITE WEB, LES PLATEFORMES MOBILES WARGATE OU LA PERFORMANCE DES PRODUITS ACHET\u00c9S PAR LE BIAIS DU SITE WEB OU DES PLATEFORMES MOBILES OU LA CONDUITE DES AUTRES UTILISATEURS DU SITE WEB OU DES PLATEFORMES MOBILES (EN LIGNE OU HORS LIGNE), M\u00caME SI WARGATE A \u00c9T\u00c9 INFORM\u00c9 DE LA POSSIBILIT\u00c9 DE TELS DOMMAGES. VOUS ASSUMEZ L&rsquo;ENTI\u00c8RE RESPONSABILIT\u00c9 DE VOTRE UTILISATION DU SITE WEB ET DES PLATEFORMES MOBILES VOTRE SEUL RECOURS CONTRE WARGATE POUR L&rsquo;UTILISATION DU SITE WEB, DES PLATEFORMES MOBILES OU DE TOUT CONTENU EST DE CESSER D&rsquo;UTILISER CES OUTILS NUM\u00c9RIQUES. La loi applicable peut ne pas autoriser la limitation ou l&rsquo;exclusion de la responsabilit\u00e9 ou des dommages accessoires ou cons\u00e9cutifs, de sorte que la limitation ou l&rsquo;exclusion ci-dessus peut ne pas s&rsquo;appliquer \u00e0 vous.<\/p>\n<p>INDEMNISATION<\/p>\n<p>Vous acceptez d&rsquo;indemniser, de d\u00e9fendre et de d\u00e9gager de toute responsabilit\u00e9 Wargate, sa soci\u00e9t\u00e9 m\u00e8re, ses soci\u00e9t\u00e9s affili\u00e9es ainsi que leurs dirigeants, directeurs, employ\u00e9s, agents, conc\u00e9dants et fournisseurs respectifs (collectivement, les \u00a0\u00bb fournisseurs de services \u00ab\u00a0) contre toutes les pertes, d\u00e9penses, dommages et co\u00fbts, y compris les honoraires d&rsquo;avocat raisonnables, r\u00e9sultant de toute violation des pr\u00e9sentes conditions d&rsquo;utilisation ou de toute activit\u00e9 li\u00e9e \u00e0 votre compte (y compris une conduite n\u00e9gligente ou fautive) par vous ou toute autre personne acc\u00e9dant au site Web ou \u00e0 la plate-forme mobile en utilisant votre compte Internet.<\/p>\n<p>DUR\u00c9E ET R\u00c9SILIATION<\/p>\n<p>Les pr\u00e9sentes conditions d&rsquo;utilisation s&rsquo;appliquent \u00e0 vous lorsque vous acc\u00e9dez au site Web, \u00e0 une plate-forme mobile Wargate et\/ou lorsque vous compl\u00e9tez un processus d&rsquo;inscription. Les pr\u00e9sentes Conditions d&rsquo;utilisation ou toute partie de celles-ci peuvent \u00eatre r\u00e9sili\u00e9es ou modifi\u00e9es par Wargate sans pr\u00e9avis \u00e0 tout moment, pour quelque raison que ce soit. Les dispositions relatives \u00e0 la propri\u00e9t\u00e9 intellectuelle, aux marques de commerce de NHL, \u00e0 la politique de confidentialit\u00e9, \u00e0 la clause de non-responsabilit\u00e9, \u00e0 la limitation de la responsabilit\u00e9 et \u00e0 l&rsquo;indemnisation, survivront \u00e0 toute r\u00e9siliation. Wargate se r\u00e9serve le droit, \u00e0 sa seule discr\u00e9tion, de r\u00e9silier votre compte, de supprimer votre profil et tout contenu g\u00e9n\u00e9r\u00e9 par l&rsquo;utilisateur, et de restreindre votre utilisation de tout ou partie du site Web ou de la plateforme mobile pour une raison quelconque ou sans raison, sans pr\u00e9avis, et sans responsabilit\u00e9 envers vous ou toute autre personne. Wargate se r\u00e9serve \u00e9galement le droit de bloquer les utilisateurs de certaines adresses IP et d&#8217;emp\u00eacher l&rsquo;acc\u00e8s au site Web.<\/p>\n<p>[\/et_pb_text][\/et_pb_column][\/et_pb_row][\/et_pb_section][et_pb_section fb_built=\u00a0\u00bb1&Prime; _builder_version=\u00a0\u00bb4.9.10&Prime; _module_preset=\u00a0\u00bbdefault\u00a0\u00bb custom_margin=\u00a0\u00bb||||false|false\u00a0\u00bb custom_padding=\u00a0\u00bb0vh||9vh||false|false\u00a0\u00bb bottom_divider_style=\u00a0\u00bbasymmetric4&Prime; bottom_divider_color=\u00a0\u00bb#000000&Prime; bottom_divider_flip=\u00a0\u00bbvertical|horizontal\u00a0\u00bb][\/et_pb_section][et_pb_section fb_built=\u00a0\u00bb1&Prime; fullwidth=\u00a0\u00bbon\u00a0\u00bb _builder_version=\u00a0\u00bb4.9.10&Prime; _module_preset=\u00a0\u00bbdefault\u00a0\u00bb][et_pb_fullwidth_header title=\u00a0\u00bbCommandez le v\u00f4tre d\u00e8s aujourd&rsquo;hui\u00a0\u00bb subhead=\u00a0\u00bbLes produits Wargate sont tous disponibles en ligne via Amazon. B\u00e9n\u00e9ficiez d&rsquo;une livraison Prime ultrarapide.\u00a0\u00bb text_orientation=\u00a0\u00bbcenter\u00a0\u00bb button_one_text=\u00a0\u00bbMagasinez\u00a0\u00bb content_max_width=\u00a0\u00bb500px\u00a0\u00bb _builder_version=\u00a0\u00bb4.9.10&Prime; _module_preset=\u00a0\u00bbdefault\u00a0\u00bb title_font_size=\u00a0\u00bb56px\u00a0\u00bb content_font_size=\u00a0\u00bb18px\u00a0\u00bb subhead_font_size=\u00a0\u00bb19px\u00a0\u00bb background_color=\u00a0\u00bb#000000&Prime; custom_button_one=\u00a0\u00bbon\u00a0\u00bb button_one_border_width=\u00a0\u00bb3px\u00a0\u00bb button_one_border_radius=\u00a0\u00bb30px\u00a0\u00bb width=\u00a0\u00bb100%\u00a0\u00bb max_width=\u00a0\u00bb100%\u00a0\u00bb custom_padding=\u00a0\u00bb||0px||false|false\u00a0\u00bb link_option_url=\u00a0\u00bb\/shop\u00a0\u00bb custom_css_button_1=\u00a0\u00bbdisplay: none;\u00a0\u00bb][\/et_pb_fullwidth_header][\/et_pb_section][et_pb_section fb_built=\u00a0\u00bb1&Prime; _builder_version=\u00a0\u00bb4.9.10&Prime; _module_preset=\u00a0\u00bbdefault\u00a0\u00bb background_color=\u00a0\u00bb#000000&Prime; custom_margin=\u00a0\u00bb0px||||false|false\u00a0\u00bb custom_padding=\u00a0\u00bb0px||0vh||false|false\u00a0\u00bb][et_pb_row _builder_version=\u00a0\u00bb4.9.10&Prime; _module_preset=\u00a0\u00bbdefault\u00a0\u00bb custom_padding=\u00a0\u00bb0px||66px||false|false\u00a0\u00bb][et_pb_column type=\u00a0\u00bb4_4&Prime; _builder_version=\u00a0\u00bb4.9.10&Prime; _module_preset=\u00a0\u00bbdefault\u00a0\u00bb][et_pb_image src=\u00a0\u00bbhttps:\/\/wargate.devbuddy.ca\/wp-content\/uploads\/2021\/08\/amazon-black.jpeg\u00a0\u00bb title_text=\u00a0\u00bbamazon-black\u00a0\u00bb url=\u00a0\u00bbhttps:\/\/wargate.devbuddy.ca\/shop\/\u00a0\u00bb align=\u00a0\u00bbcenter\u00a0\u00bb _builder_version=\u00a0\u00bb4.9.10&Prime; _module_preset=\u00a0\u00bbdefault\u00a0\u00bb max_width=\u00a0\u00bb300px\u00a0\u00bb border_radii=\u00a0\u00bbon|30px|30px|30px|30px\u00a0\u00bb][\/et_pb_image][\/et_pb_column][\/et_pb_row][\/et_pb_section]<\/p>\n","protected":false},"excerpt":{"rendered":"<p>CONDITIONS D&rsquo;UTILISATION VEUILLEZ LIRE ATTENTIVEMENT LES CONDITIONS D&rsquo;UTILISATION SUIVANTES AVANT D&rsquo;UTILISER LES OUTILS NUM\u00c9RIQUES DE WARGATE HOCKEY (\u00a0\u00bb WARGATE \u00ab\u00a0) QUI COMPRENNENT LE SITE WEB DE WARGATE HOCKEY (\u00a0\u00bb site Web \u00ab\u00a0) ET LES PLATEFORMES MOBILES ANDROID ET IOS DE WARGATE SOCIAL MEDIA (\u00a0\u00bb plateformes mobiles \u00ab\u00a0). Tous les utilisateurs du site Web et des [&hellip;]<\/p>\n","protected":false},"author":2,"featured_media":0,"parent":0,"menu_order":0,"comment_status":"closed","ping_status":"closed","template":"","meta":{"_et_pb_use_builder":"on","_et_pb_old_content":"","_et_gb_content_width":"","footnotes":""},"class_list":["post-280","page","type-page","status-publish","hentry"],"yoast_head":"<!-- This site is optimized with the Yoast SEO plugin v27.4 - https:\/\/yoast.com\/product\/yoast-seo-wordpress\/ -->\n<title>Conditions d&#039;utilisation - Wargate Hockey<\/title>\n<meta name=\"robots\" content=\"index, follow, max-snippet:-1, max-image-preview:large, max-video-preview:-1\" \/>\n<link rel=\"canonical\" href=\"https:\/\/wargatehockey.com\/terms-of-use\/\" \/>\n<meta property=\"og:locale\" content=\"fr_FR\" \/>\n<meta property=\"og:type\" content=\"article\" \/>\n<meta property=\"og:title\" content=\"Conditions d&#039;utilisation - Wargate Hockey\" \/>\n<meta property=\"og:description\" content=\"CONDITIONS D&#039;UTILISATION VEUILLEZ LIRE ATTENTIVEMENT LES CONDITIONS D&#039;UTILISATION SUIVANTES AVANT D&#039;UTILISER LES OUTILS NUM\u00c9RIQUES DE WARGATE HOCKEY (&quot; WARGATE &quot;) QUI COMPRENNENT LE SITE WEB DE WARGATE HOCKEY (&quot; site Web &quot;) ET LES PLATEFORMES MOBILES ANDROID ET IOS DE WARGATE SOCIAL MEDIA (&quot; plateformes mobiles &quot;). Tous les utilisateurs du site Web et des [&hellip;]\" \/>\n<meta property=\"og:url\" content=\"https:\/\/wargatehockey.com\/terms-of-use\/\" \/>\n<meta property=\"og:site_name\" content=\"Wargate Hockey\" \/>\n<meta name=\"twitter:card\" content=\"summary_large_image\" \/>\n<meta name=\"twitter:label1\" content=\"Dur\u00e9e de lecture estim\u00e9e\" \/>\n\t<meta name=\"twitter:data1\" content=\"5 minutes\" \/>\n<script type=\"application\/ld+json\" class=\"yoast-schema-graph\">{\"@context\":\"https:\\\/\\\/schema.org\",\"@graph\":[{\"@type\":\"WebPage\",\"@id\":\"https:\\\/\\\/wargatehockey.com\\\/terms-of-use\\\/\",\"url\":\"https:\\\/\\\/wargatehockey.com\\\/terms-of-use\\\/\",\"name\":\"Conditions d'utilisation - Wargate Hockey\",\"isPartOf\":{\"@id\":\"https:\\\/\\\/wargatehockey.com\\\/#website\"},\"datePublished\":\"2021-08-22T16:19:59+00:00\",\"breadcrumb\":{\"@id\":\"https:\\\/\\\/wargatehockey.com\\\/terms-of-use\\\/#breadcrumb\"},\"inLanguage\":\"fr-FR\",\"potentialAction\":[{\"@type\":\"ReadAction\",\"target\":[\"https:\\\/\\\/wargatehockey.com\\\/terms-of-use\\\/\"]}]},{\"@type\":\"BreadcrumbList\",\"@id\":\"https:\\\/\\\/wargatehockey.com\\\/terms-of-use\\\/#breadcrumb\",\"itemListElement\":[{\"@type\":\"ListItem\",\"position\":1,\"name\":\"Home\",\"item\":\"https:\\\/\\\/wargatehockey.com\\\/\"},{\"@type\":\"ListItem\",\"position\":2,\"name\":\"Conditions d&#8217;utilisation\"}]},{\"@type\":\"WebSite\",\"@id\":\"https:\\\/\\\/wargatehockey.com\\\/#website\",\"url\":\"https:\\\/\\\/wargatehockey.com\\\/\",\"name\":\"Wargate Hockey\",\"description\":\"Hockey Face Protection \\\/ Masks &amp; Shields\",\"potentialAction\":[{\"@type\":\"SearchAction\",\"target\":{\"@type\":\"EntryPoint\",\"urlTemplate\":\"https:\\\/\\\/wargatehockey.com\\\/?s={search_term_string}\"},\"query-input\":{\"@type\":\"PropertyValueSpecification\",\"valueRequired\":true,\"valueName\":\"search_term_string\"}}],\"inLanguage\":\"fr-FR\"}]}<\/script>\n<!-- \/ Yoast SEO plugin. -->","yoast_head_json":{"title":"Conditions d'utilisation - Wargate Hockey","robots":{"index":"index","follow":"follow","max-snippet":"max-snippet:-1","max-image-preview":"max-image-preview:large","max-video-preview":"max-video-preview:-1"},"canonical":"https:\/\/wargatehockey.com\/terms-of-use\/","og_locale":"fr_FR","og_type":"article","og_title":"Conditions d'utilisation - Wargate Hockey","og_description":"CONDITIONS D'UTILISATION VEUILLEZ LIRE ATTENTIVEMENT LES CONDITIONS D'UTILISATION SUIVANTES AVANT D'UTILISER LES OUTILS NUM\u00c9RIQUES DE WARGATE HOCKEY (\" WARGATE \") QUI COMPRENNENT LE SITE WEB DE WARGATE HOCKEY (\" site Web \") ET LES PLATEFORMES MOBILES ANDROID ET IOS DE WARGATE SOCIAL MEDIA (\" plateformes mobiles \"). Tous les utilisateurs du site Web et des [&hellip;]","og_url":"https:\/\/wargatehockey.com\/terms-of-use\/","og_site_name":"Wargate Hockey","twitter_card":"summary_large_image","twitter_misc":{"Dur\u00e9e de lecture estim\u00e9e":"5 minutes"},"schema":{"@context":"https:\/\/schema.org","@graph":[{"@type":"WebPage","@id":"https:\/\/wargatehockey.com\/terms-of-use\/","url":"https:\/\/wargatehockey.com\/terms-of-use\/","name":"Conditions d'utilisation - Wargate Hockey","isPartOf":{"@id":"https:\/\/wargatehockey.com\/#website"},"datePublished":"2021-08-22T16:19:59+00:00","breadcrumb":{"@id":"https:\/\/wargatehockey.com\/terms-of-use\/#breadcrumb"},"inLanguage":"fr-FR","potentialAction":[{"@type":"ReadAction","target":["https:\/\/wargatehockey.com\/terms-of-use\/"]}]},{"@type":"BreadcrumbList","@id":"https:\/\/wargatehockey.com\/terms-of-use\/#breadcrumb","itemListElement":[{"@type":"ListItem","position":1,"name":"Home","item":"https:\/\/wargatehockey.com\/"},{"@type":"ListItem","position":2,"name":"Conditions d&#8217;utilisation"}]},{"@type":"WebSite","@id":"https:\/\/wargatehockey.com\/#website","url":"https:\/\/wargatehockey.com\/","name":"Wargate Hockey","description":"Hockey Face Protection \/ Masks &amp; Shields","potentialAction":[{"@type":"SearchAction","target":{"@type":"EntryPoint","urlTemplate":"https:\/\/wargatehockey.com\/?s={search_term_string}"},"query-input":{"@type":"PropertyValueSpecification","valueRequired":true,"valueName":"search_term_string"}}],"inLanguage":"fr-FR"}]}},"_hostinger_reach_plugin_has_subscription_block":false,"_hostinger_reach_plugin_is_elementor":false,"_links":{"self":[{"href":"https:\/\/wargatehockey.com\/fr\/wp-json\/wp\/v2\/pages\/280","targetHints":{"allow":["GET"]}}],"collection":[{"href":"https:\/\/wargatehockey.com\/fr\/wp-json\/wp\/v2\/pages"}],"about":[{"href":"https:\/\/wargatehockey.com\/fr\/wp-json\/wp\/v2\/types\/page"}],"author":[{"embeddable":true,"href":"https:\/\/wargatehockey.com\/fr\/wp-json\/wp\/v2\/users\/2"}],"replies":[{"embeddable":true,"href":"https:\/\/wargatehockey.com\/fr\/wp-json\/wp\/v2\/comments?post=280"}],"version-history":[{"count":2,"href":"https:\/\/wargatehockey.com\/fr\/wp-json\/wp\/v2\/pages\/280\/revisions"}],"predecessor-version":[{"id":282,"href":"https:\/\/wargatehockey.com\/fr\/wp-json\/wp\/v2\/pages\/280\/revisions\/282"}],"wp:attachment":[{"href":"https:\/\/wargatehockey.com\/fr\/wp-json\/wp\/v2\/media?parent=280"}],"curies":[{"name":"wp","href":"https:\/\/api.w.org\/{rel}","templated":true}]}}