{"id":269,"date":"2021-08-22T16:01:23","date_gmt":"2021-08-22T16:01:23","guid":{"rendered":"https:\/\/wargate.devbuddy.ca\/avis-de-non-responsabilite\/"},"modified":"2021-08-22T16:01:23","modified_gmt":"2021-08-22T16:01:23","slug":"avis-de-non-responsabilite","status":"publish","type":"page","link":"https:\/\/wargatehockey.com\/fr\/avis-de-non-responsabilite\/","title":{"rendered":"Avis de non-responsabilit\u00e9"},"content":{"rendered":"<p>[et_pb_section fb_built=\u00a0\u00bb1&Prime; fullwidth=\u00a0\u00bbon\u00a0\u00bb _builder_version=\u00a0\u00bb4.9.10&Prime; _module_preset=\u00a0\u00bbdefault\u00a0\u00bb bottom_divider_style=\u00a0\u00bbasymmetric4&Prime; bottom_divider_color=\u00a0\u00bb#FFFFFF\u00a0\u00bb][et_pb_fullwidth_header title=\u00a0\u00bbAVIS DE NON-RESPONSABILIT\u00c9\u00a0\u00bb text_orientation=\u00a0\u00bbcenter\u00a0\u00bb _builder_version=\u00a0\u00bb4.9.10&Prime; _module_preset=\u00a0\u00bbdefault\u00a0\u00bb title_font_size=\u00a0\u00bb88px\u00a0\u00bb content_font_size=\u00a0\u00bb31px\u00a0\u00bb content_line_height=\u00a0\u00bb1.4em\u00a0\u00bb use_background_color_gradient=\u00a0\u00bbon\u00a0\u00bb background_color_gradient_start=\u00a0\u00bbrgba(0,0,0,0.84)\u00a0\u00bb background_color_gradient_end=\u00a0\u00bb#5e5e5e\u00a0\u00bb background_image=\u00a0\u00bbhttps:\/\/wargate.devbuddy.ca\/wp-content\/uploads\/2021\/07\/Wargate-Performance-Hockey-Face-Protection-Armor-Shield-Shop-Online-Defend.jpg\u00a0\u00bb background_position=\u00a0\u00bbbottom_center\u00a0\u00bb background_blend=\u00a0\u00bboverlay\u00a0\u00bb custom_button_one=\u00a0\u00bbon\u00a0\u00bb button_one_border_width=\u00a0\u00bb1px\u00a0\u00bb button_one_border_radius=\u00a0\u00bb0px\u00a0\u00bb button_one_font=\u00a0\u00bb|600|||||||\u00a0\u00bb max_width=\u00a0\u00bb100%\u00a0\u00bb custom_margin=\u00a0\u00bb||||false|false\u00a0\u00bb][\/et_pb_fullwidth_header][\/et_pb_section][et_pb_section fb_built=\u00a0\u00bb1&Prime; _builder_version=\u00a0\u00bb4.9.10&Prime; _module_preset=\u00a0\u00bbdefault\u00a0\u00bb width=\u00a0\u00bb90%\u00a0\u00bb max_width=\u00a0\u00bb100%\u00a0\u00bb module_alignment=\u00a0\u00bbcenter\u00a0\u00bb custom_padding=\u00a0\u00bb||0px|||\u00a0\u00bb][et_pb_row _builder_version=\u00a0\u00bb4.9.10&Prime; _module_preset=\u00a0\u00bbdefault\u00a0\u00bb custom_margin=\u00a0\u00bb||||false|false\u00a0\u00bb][et_pb_column type=\u00a0\u00bb4_4&Prime; _builder_version=\u00a0\u00bb4.9.10&Prime; _module_preset=\u00a0\u00bbdefault\u00a0\u00bb][et_pb_text _builder_version=\u00a0\u00bb4.9.10&Prime; _module_preset=\u00a0\u00bbdefault\u00a0\u00bb text_text_color=\u00a0\u00bb#000000&Prime; text_font_size=\u00a0\u00bb23px\u00a0\u00bb text_line_height=\u00a0\u00bb1.4em\u00a0\u00bb header_text_color=\u00a0\u00bb#E02B20&Prime; text_orientation=\u00a0\u00bbcenter\u00a0\u00bb max_width=\u00a0\u00bb800px\u00a0\u00bb module_alignment=\u00a0\u00bbcenter\u00a0\u00bb custom_padding=\u00a0\u00bb||10vh||false|false\u00a0\u00bb]<\/p>\n<h1>Avertissement<\/h1>\n<p>Lisez toujours les instructions avant d&rsquo;utiliser un produit et conservez ces instructions pour pouvoir les consulter ult\u00e9rieurement. Le hockey sur glace est un sport de contact dangereux. La participation au hockey sur glace implique l&rsquo;acceptation d&rsquo;un certain risque de blessure. M\u00eame l&rsquo;utilisation d&rsquo;un protecteur facial certifi\u00e9 ne permet pas d&rsquo;\u00e9viter toutes les blessures.<\/p>\n<p>Notre protecteur facial inf\u00e9rieur Wargate offre une protection suppl\u00e9mentaire \u00e0 la traditionnelle visi\u00e8re \u00e0 coupe droite. Utilisez-le \u00e0 vos risques et p\u00e9rils. Notre protection faciale inf\u00e9rieure Wargate n&rsquo;offre aucune protection contre les blessures au cou, \u00e0 la colonne vert\u00e9brale, \u00e0 la t\u00eate et au cerveau. Cette protection faciale n&rsquo;est en aucun cas certifi\u00e9e par des normes, mais peut r\u00e9duire la fr\u00e9quence et la gravit\u00e9 des blessures au visage et aux yeux.<\/p>\n<p>Ne bloquez pas un tir ou un b\u00e2ton avec le protecteur facial. Si le protecteur facial est bossel\u00e9 ou endommag\u00e9 de quelque fa\u00e7on que ce soit, remplacez-le. Il peut ne pas avoir sa pleine capacit\u00e9 de protection s&rsquo;il est endommag\u00e9.<\/p>\n<p>[\/et_pb_text][\/et_pb_column][\/et_pb_row][\/et_pb_section][et_pb_section fb_built=\u00a0\u00bb1&Prime; _builder_version=\u00a0\u00bb4.9.10&Prime; _module_preset=\u00a0\u00bbdefault\u00a0\u00bb custom_margin=\u00a0\u00bb||||false|false\u00a0\u00bb custom_padding=\u00a0\u00bb0vh||9vh||false|false\u00a0\u00bb bottom_divider_style=\u00a0\u00bbasymmetric4&Prime; bottom_divider_color=\u00a0\u00bb#000000&Prime; bottom_divider_flip=\u00a0\u00bbvertical|horizontal\u00a0\u00bb][\/et_pb_section][et_pb_section fb_built=\u00a0\u00bb1&Prime; fullwidth=\u00a0\u00bbon\u00a0\u00bb _builder_version=\u00a0\u00bb4.9.10&Prime; _module_preset=\u00a0\u00bbdefault\u00a0\u00bb][et_pb_fullwidth_header title=\u00a0\u00bbCommandez le v\u00f4tre d\u00e8s aujourd&rsquo;hui\u00a0\u00bb subhead=\u00a0\u00bbLes produits Wargate sont tous disponibles en ligne via Amazon. B\u00e9n\u00e9ficiez d&rsquo;une livraison Prime ultrarapide.\u00a0\u00bb text_orientation=\u00a0\u00bbcenter\u00a0\u00bb button_one_text=\u00a0\u00bbMagasinez\u00a0\u00bb content_max_width=\u00a0\u00bb500px\u00a0\u00bb _builder_version=\u00a0\u00bb4.9.10&Prime; _module_preset=\u00a0\u00bbdefault\u00a0\u00bb title_font_size=\u00a0\u00bb56px\u00a0\u00bb content_font_size=\u00a0\u00bb18px\u00a0\u00bb subhead_font_size=\u00a0\u00bb19px\u00a0\u00bb background_color=\u00a0\u00bb#000000&Prime; custom_button_one=\u00a0\u00bbon\u00a0\u00bb button_one_border_width=\u00a0\u00bb3px\u00a0\u00bb button_one_border_radius=\u00a0\u00bb30px\u00a0\u00bb width=\u00a0\u00bb100%\u00a0\u00bb max_width=\u00a0\u00bb100%\u00a0\u00bb custom_padding=\u00a0\u00bb||0px||false|false\u00a0\u00bb link_option_url=\u00a0\u00bb\/shop\u00a0\u00bb custom_css_button_1=\u00a0\u00bbdisplay: none;\u00a0\u00bb][\/et_pb_fullwidth_header][\/et_pb_section][et_pb_section fb_built=\u00a0\u00bb1&Prime; _builder_version=\u00a0\u00bb4.9.10&Prime; _module_preset=\u00a0\u00bbdefault\u00a0\u00bb background_color=\u00a0\u00bb#000000&Prime; custom_margin=\u00a0\u00bb0px||||false|false\u00a0\u00bb custom_padding=\u00a0\u00bb0px||0vh||false|false\u00a0\u00bb][et_pb_row _builder_version=\u00a0\u00bb4.9.10&Prime; _module_preset=\u00a0\u00bbdefault\u00a0\u00bb custom_padding=\u00a0\u00bb0px||66px||false|false\u00a0\u00bb][et_pb_column type=\u00a0\u00bb4_4&Prime; _builder_version=\u00a0\u00bb4.9.10&Prime; _module_preset=\u00a0\u00bbdefault\u00a0\u00bb][et_pb_image src=\u00a0\u00bbhttps:\/\/wargate.devbuddy.ca\/wp-content\/uploads\/2021\/08\/amazon-black.jpeg\u00a0\u00bb title_text=\u00a0\u00bbamazon-black\u00a0\u00bb url=\u00a0\u00bbhttps:\/\/wargate.devbuddy.ca\/shop\/\u00a0\u00bb align=\u00a0\u00bbcenter\u00a0\u00bb _builder_version=\u00a0\u00bb4.9.10&Prime; _module_preset=\u00a0\u00bbdefault\u00a0\u00bb max_width=\u00a0\u00bb300px\u00a0\u00bb border_radii=\u00a0\u00bbon|30px|30px|30px|30px\u00a0\u00bb][\/et_pb_image][\/et_pb_column][\/et_pb_row][\/et_pb_section]<\/p>\n","protected":false},"excerpt":{"rendered":"<p>Avertissement Lisez toujours les instructions avant d&rsquo;utiliser un produit et conservez ces instructions pour pouvoir les consulter ult\u00e9rieurement. Le hockey sur glace est un sport de contact dangereux. La participation au hockey sur glace implique l&rsquo;acceptation d&rsquo;un certain risque de blessure. M\u00eame l&rsquo;utilisation d&rsquo;un protecteur facial certifi\u00e9 ne permet pas d&rsquo;\u00e9viter toutes les blessures. Notre [&hellip;]<\/p>\n","protected":false},"author":2,"featured_media":0,"parent":0,"menu_order":0,"comment_status":"closed","ping_status":"closed","template":"","meta":{"_et_pb_use_builder":"on","_et_pb_old_content":"","_et_gb_content_width":"","footnotes":""},"class_list":["post-269","page","type-page","status-publish","hentry"],"yoast_head":"<!-- This site is optimized with the Yoast SEO plugin v27.4 - https:\/\/yoast.com\/product\/yoast-seo-wordpress\/ -->\n<title>Avis de non-responsabilit\u00e9 - Wargate Hockey<\/title>\n<meta name=\"robots\" content=\"index, follow, max-snippet:-1, max-image-preview:large, max-video-preview:-1\" \/>\n<link rel=\"canonical\" href=\"https:\/\/wargatehockey.com\/disclaimers\/\" \/>\n<meta property=\"og:locale\" content=\"fr_FR\" \/>\n<meta property=\"og:type\" content=\"article\" \/>\n<meta property=\"og:title\" content=\"Avis de non-responsabilit\u00e9 - Wargate Hockey\" \/>\n<meta property=\"og:description\" content=\"Avertissement Lisez toujours les instructions avant d&#039;utiliser un produit et conservez ces instructions pour pouvoir les consulter ult\u00e9rieurement. Le hockey sur glace est un sport de contact dangereux. La participation au hockey sur glace implique l&#039;acceptation d&#039;un certain risque de blessure. M\u00eame l&#039;utilisation d&#039;un protecteur facial certifi\u00e9 ne permet pas d&#039;\u00e9viter toutes les blessures. Notre [&hellip;]\" \/>\n<meta property=\"og:url\" content=\"https:\/\/wargatehockey.com\/disclaimers\/\" \/>\n<meta property=\"og:site_name\" content=\"Wargate Hockey\" \/>\n<meta name=\"twitter:card\" content=\"summary_large_image\" \/>\n<meta name=\"twitter:label1\" content=\"Dur\u00e9e de lecture estim\u00e9e\" \/>\n\t<meta name=\"twitter:data1\" content=\"3 minutes\" \/>\n<script type=\"application\/ld+json\" class=\"yoast-schema-graph\">{\"@context\":\"https:\\\/\\\/schema.org\",\"@graph\":[{\"@type\":\"WebPage\",\"@id\":\"https:\\\/\\\/wargatehockey.com\\\/disclaimers\\\/\",\"url\":\"https:\\\/\\\/wargatehockey.com\\\/disclaimers\\\/\",\"name\":\"Avis de non-responsabilit\u00e9 - Wargate Hockey\",\"isPartOf\":{\"@id\":\"https:\\\/\\\/wargatehockey.com\\\/#website\"},\"datePublished\":\"2021-08-22T16:01:23+00:00\",\"breadcrumb\":{\"@id\":\"https:\\\/\\\/wargatehockey.com\\\/disclaimers\\\/#breadcrumb\"},\"inLanguage\":\"fr-FR\",\"potentialAction\":[{\"@type\":\"ReadAction\",\"target\":[\"https:\\\/\\\/wargatehockey.com\\\/disclaimers\\\/\"]}]},{\"@type\":\"BreadcrumbList\",\"@id\":\"https:\\\/\\\/wargatehockey.com\\\/disclaimers\\\/#breadcrumb\",\"itemListElement\":[{\"@type\":\"ListItem\",\"position\":1,\"name\":\"Home\",\"item\":\"https:\\\/\\\/wargatehockey.com\\\/\"},{\"@type\":\"ListItem\",\"position\":2,\"name\":\"Avis de non-responsabilit\u00e9\"}]},{\"@type\":\"WebSite\",\"@id\":\"https:\\\/\\\/wargatehockey.com\\\/#website\",\"url\":\"https:\\\/\\\/wargatehockey.com\\\/\",\"name\":\"Wargate Hockey\",\"description\":\"Hockey Face Protection \\\/ Masks &amp; Shields\",\"potentialAction\":[{\"@type\":\"SearchAction\",\"target\":{\"@type\":\"EntryPoint\",\"urlTemplate\":\"https:\\\/\\\/wargatehockey.com\\\/?s={search_term_string}\"},\"query-input\":{\"@type\":\"PropertyValueSpecification\",\"valueRequired\":true,\"valueName\":\"search_term_string\"}}],\"inLanguage\":\"fr-FR\"}]}<\/script>\n<!-- \/ Yoast SEO plugin. -->","yoast_head_json":{"title":"Avis de non-responsabilit\u00e9 - Wargate Hockey","robots":{"index":"index","follow":"follow","max-snippet":"max-snippet:-1","max-image-preview":"max-image-preview:large","max-video-preview":"max-video-preview:-1"},"canonical":"https:\/\/wargatehockey.com\/disclaimers\/","og_locale":"fr_FR","og_type":"article","og_title":"Avis de non-responsabilit\u00e9 - Wargate Hockey","og_description":"Avertissement Lisez toujours les instructions avant d'utiliser un produit et conservez ces instructions pour pouvoir les consulter ult\u00e9rieurement. Le hockey sur glace est un sport de contact dangereux. La participation au hockey sur glace implique l'acceptation d'un certain risque de blessure. M\u00eame l'utilisation d'un protecteur facial certifi\u00e9 ne permet pas d'\u00e9viter toutes les blessures. Notre [&hellip;]","og_url":"https:\/\/wargatehockey.com\/disclaimers\/","og_site_name":"Wargate Hockey","twitter_card":"summary_large_image","twitter_misc":{"Dur\u00e9e de lecture estim\u00e9e":"3 minutes"},"schema":{"@context":"https:\/\/schema.org","@graph":[{"@type":"WebPage","@id":"https:\/\/wargatehockey.com\/disclaimers\/","url":"https:\/\/wargatehockey.com\/disclaimers\/","name":"Avis de non-responsabilit\u00e9 - Wargate Hockey","isPartOf":{"@id":"https:\/\/wargatehockey.com\/#website"},"datePublished":"2021-08-22T16:01:23+00:00","breadcrumb":{"@id":"https:\/\/wargatehockey.com\/disclaimers\/#breadcrumb"},"inLanguage":"fr-FR","potentialAction":[{"@type":"ReadAction","target":["https:\/\/wargatehockey.com\/disclaimers\/"]}]},{"@type":"BreadcrumbList","@id":"https:\/\/wargatehockey.com\/disclaimers\/#breadcrumb","itemListElement":[{"@type":"ListItem","position":1,"name":"Home","item":"https:\/\/wargatehockey.com\/"},{"@type":"ListItem","position":2,"name":"Avis de non-responsabilit\u00e9"}]},{"@type":"WebSite","@id":"https:\/\/wargatehockey.com\/#website","url":"https:\/\/wargatehockey.com\/","name":"Wargate Hockey","description":"Hockey Face Protection \/ Masks &amp; Shields","potentialAction":[{"@type":"SearchAction","target":{"@type":"EntryPoint","urlTemplate":"https:\/\/wargatehockey.com\/?s={search_term_string}"},"query-input":{"@type":"PropertyValueSpecification","valueRequired":true,"valueName":"search_term_string"}}],"inLanguage":"fr-FR"}]}},"_hostinger_reach_plugin_has_subscription_block":false,"_hostinger_reach_plugin_is_elementor":false,"_links":{"self":[{"href":"https:\/\/wargatehockey.com\/fr\/wp-json\/wp\/v2\/pages\/269","targetHints":{"allow":["GET"]}}],"collection":[{"href":"https:\/\/wargatehockey.com\/fr\/wp-json\/wp\/v2\/pages"}],"about":[{"href":"https:\/\/wargatehockey.com\/fr\/wp-json\/wp\/v2\/types\/page"}],"author":[{"embeddable":true,"href":"https:\/\/wargatehockey.com\/fr\/wp-json\/wp\/v2\/users\/2"}],"replies":[{"embeddable":true,"href":"https:\/\/wargatehockey.com\/fr\/wp-json\/wp\/v2\/comments?post=269"}],"version-history":[{"count":2,"href":"https:\/\/wargatehockey.com\/fr\/wp-json\/wp\/v2\/pages\/269\/revisions"}],"predecessor-version":[{"id":271,"href":"https:\/\/wargatehockey.com\/fr\/wp-json\/wp\/v2\/pages\/269\/revisions\/271"}],"wp:attachment":[{"href":"https:\/\/wargatehockey.com\/fr\/wp-json\/wp\/v2\/media?parent=269"}],"curies":[{"name":"wp","href":"https:\/\/api.w.org\/{rel}","templated":true}]}}